{"id":8610,"date":"2025-05-28T11:10:16","date_gmt":"2025-05-28T15:10:16","guid":{"rendered":"https:\/\/pcj-ccp.ca\/?page_id=8610"},"modified":"2025-11-03T12:01:21","modified_gmt":"2025-11-03T17:01:21","slug":"a-propos-du-pcj","status":"publish","type":"page","link":"https:\/\/pcj-ccp.ca\/fr\/a-propos-du-pcj\/","title":{"rendered":"\u00c0 propos du PCJ"},"content":{"rendered":"<p><div class=\"fusion-fullwidth fullwidth-box fusion-builder-row-1 fusion-flex-container nonhundred-percent-fullwidth non-hundred-percent-height-scrolling\" style=\"--awb-border-radius-top-left:0px;--awb-border-radius-top-right:0px;--awb-border-radius-bottom-right:0px;--awb-border-radius-bottom-left:0px;--awb-padding-right:10%;--awb-padding-left:10%;--awb-flex-wrap:wrap;\" ><div class=\"fusion-builder-row fusion-row fusion-flex-align-items-flex-start fusion-flex-content-wrap\" style=\"max-width:1248px;margin-left: calc(-4% \/ 2 );margin-right: calc(-4% \/ 2 );\"><div class=\"fusion-layout-column fusion_builder_column fusion-builder-column-0 fusion_builder_column_1_2 1_2 fusion-flex-column\" style=\"--awb-bg-size:cover;--awb-width-large:50%;--awb-margin-top-large:10px;--awb-spacing-right-large:0%;--awb-margin-bottom-large:10px;--awb-spacing-left-large:3.84%;--awb-width-medium:50%;--awb-order-medium:0;--awb-spacing-right-medium:0%;--awb-spacing-left-medium:3.84%;--awb-width-small:100%;--awb-order-small:0;--awb-spacing-right-small:1.92%;--awb-spacing-left-small:1.92%;\"><div class=\"fusion-column-wrapper fusion-column-has-shadow fusion-flex-justify-content-flex-start fusion-content-layout-column\"><div class=\"fusion-text fusion-text-1\" style=\"--awb-text-transform:none;\"><p>Le Programme de contestation judiciaire (PCJ) fournit un soutien financier pour la poursuite devant les tribunaux de causes types d\u2019importance nationale visant la clarification et la progression de droits constitutionnels et quasi constitutionnels en mati\u00e8re de langues officielles et de droits de la personne.<\/p>\n<\/div><div class=\"fusion-text fusion-text-2\" style=\"--awb-text-transform:none;--awb-margin-top:5%;\"><p>En vertu d&rsquo;un Accord de contribution avec le minist\u00e8re du Patrimoine canadien du gouvernement du Canada, le PCJ est h\u00e9berg\u00e9 par l&rsquo;Universit\u00e9 d&rsquo;Ottawa. Cette structure garantit que le PCJ puisse prendre ses d\u00e9cisions et g\u00e9rer les fonds de financement de fa\u00e7on ind\u00e9pendante du gouvernement. Le PCJ est une unit\u00e9 administrative int\u00e9gr\u00e9e \u00e0 l\u2019Institut des langues officielles et du bilinguisme (ILOB) de la Facult\u00e9 des arts de l\u2019Universit\u00e9 d\u2019Ottawa. Toute d\u00e9cision sur l&rsquo;octroi du financement est prise exclusivement par les Comit\u00e9s d&rsquo;experts du PCJ.<\/p>\n<\/div><\/div><\/div><div class=\"fusion-layout-column fusion_builder_column fusion-builder-column-1 fusion_builder_column_1_2 1_2 fusion-flex-column\" style=\"--awb-padding-top:4%;--awb-padding-bottom:4%;--awb-padding-left:0%;--awb-bg-color:var(--awb-color2);--awb-bg-color-hover:var(--awb-color2);--awb-bg-size:cover;--awb-width-large:50%;--awb-margin-top-large:10px;--awb-spacing-right-large:2.496%;--awb-margin-bottom-large:10px;--awb-spacing-left-large:9.6%;--awb-width-medium:50%;--awb-order-medium:0;--awb-spacing-right-medium:2.496%;--awb-spacing-left-medium:9.6%;--awb-width-small:100%;--awb-order-small:0;--awb-spacing-right-small:1.92%;--awb-spacing-left-small:1.92%;\"><div class=\"fusion-column-wrapper fusion-column-has-shadow fusion-flex-justify-content-center fusion-content-layout-column\"><div class=\"fusion-text fusion-text-3 fusion-text-no-margin\" style=\"--awb-text-transform:none;--awb-text-color:var(--awb-custom13);--awb-margin-top:2%;--awb-margin-bottom:5%;--awb-margin-left:10%;\"><div>\n<div>\n<h2>Les objectifs principaux du<br \/>\nProgramme sont :<\/h2>\n<\/div>\n<\/div>\n<\/div><ul style=\"--awb-size:16px;--awb-item-padding-bottom:5%;--awb-item-padding-left:13%;--awb-iconcolor:var(--awb-custom15);--awb-line-height:27.2px;--awb-icon-width:27.2px;--awb-icon-height:27.2px;--awb-icon-margin:11.2px;--awb-content-margin:38.4px;\" class=\"fusion-checklist fusion-checklist-1 fusion-checklist-default type-icons\"><li class=\"fusion-li-item\" style=\"\"><span class=\"icon-wrapper circle-no\"><i class=\"fusion-li-icon fa-check-circle far\" aria-hidden=\"true\"><\/i><\/span><div class=\"fusion-li-item-content\">\n<p>d&rsquo;am\u00e9liorer l&rsquo;acc\u00e8s \u00e0 la justice pour la poursuite d&rsquo;importantes causes types constitutionnelles;<\/p>\n<\/div><\/li><li class=\"fusion-li-item\" style=\"\"><span class=\"icon-wrapper circle-no\"><i class=\"fusion-li-icon fa-check-circle far\" aria-hidden=\"true\"><\/i><\/span><div class=\"fusion-li-item-content\">\n<p style=\"text-align: left;\">ce faisant, de soutenir la clarification et la progression de droits constitutionnels et quasi constitutionnels en mati\u00e8re de langues officielles et de droits de la personne au Canada, au profit de tous les Canadiens et Canadiennes.<\/p>\n<\/div><\/li><\/ul><\/div><\/div><\/div><\/div><div class=\"fusion-fullwidth fullwidth-box fusion-builder-row-2 fusion-flex-container nonhundred-percent-fullwidth non-hundred-percent-height-scrolling\" style=\"--awb-border-radius-top-left:0px;--awb-border-radius-top-right:0px;--awb-border-radius-bottom-right:0px;--awb-border-radius-bottom-left:0px;--awb-flex-wrap:wrap;\" ><div class=\"fusion-builder-row fusion-row fusion-flex-align-items-flex-start fusion-flex-content-wrap\" style=\"max-width:1248px;margin-left: calc(-4% \/ 2 );margin-right: calc(-4% \/ 2 );\"><div class=\"fusion-layout-column fusion_builder_column fusion-builder-column-2 fusion_builder_column_1_1 1_1 fusion-flex-column\" style=\"--awb-bg-size:cover;--awb-width-large:100%;--awb-margin-top-large:10px;--awb-spacing-right-large:1.92%;--awb-margin-bottom-large:10px;--awb-spacing-left-large:1.92%;--awb-width-medium:100%;--awb-order-medium:0;--awb-spacing-right-medium:1.92%;--awb-spacing-left-medium:1.92%;--awb-width-small:100%;--awb-order-small:0;--awb-spacing-right-small:1.92%;--awb-spacing-left-small:1.92%;\"><div class=\"fusion-column-wrapper fusion-column-has-shadow fusion-flex-justify-content-flex-start fusion-content-layout-column\"><div class=\"fusion-separator fusion-full-width-sep\" style=\"align-self: center;margin-left: auto;margin-right: auto;margin-bottom:25px;width:100%;\"><\/div><div class=\"fusion-image-element \" style=\"text-align:center;--awb-caption-title-font-family:var(--h2_typography-font-family);--awb-caption-title-font-weight:var(--h2_typography-font-weight);--awb-caption-title-font-style:var(--h2_typography-font-style);--awb-caption-title-size:var(--h2_typography-font-size);--awb-caption-title-transform:var(--h2_typography-text-transform);--awb-caption-title-line-height:var(--h2_typography-line-height);--awb-caption-title-letter-spacing:var(--h2_typography-letter-spacing);\"><span class=\" fusion-imageframe imageframe-none imageframe-1 hover-type-none\"><img decoding=\"async\" width=\"700\" height=\"85\" alt=\"La mention Financ\u00e9 par le Gouvernement du Canada accompagn\u00e9e du logo du Gouvernement du Canada et du logo de l&#039;Universit\u00e9 d&#039;Ottawa.\" title=\"footer-logos\" src=\"https:\/\/pcj-ccp.ca\/wp-content\/uploads\/2018\/10\/footer-logos.jpg\" class=\"img-responsive wp-image-8755\" srcset=\"https:\/\/pcj-ccp.ca\/wp-content\/uploads\/2018\/10\/footer-logos-200x24.jpg 200w, https:\/\/pcj-ccp.ca\/wp-content\/uploads\/2018\/10\/footer-logos-400x49.jpg 400w, https:\/\/pcj-ccp.ca\/wp-content\/uploads\/2018\/10\/footer-logos-600x73.jpg 600w, https:\/\/pcj-ccp.ca\/wp-content\/uploads\/2018\/10\/footer-logos.jpg 700w\" sizes=\"(max-width: 640px) 100vw, 700px\" \/><\/span><\/div><div class=\"fusion-separator fusion-full-width-sep\" style=\"align-self: center;margin-left: auto;margin-right: auto;margin-bottom:25px;width:100%;\"><\/div><\/div><\/div><\/div><\/div><div class=\"fusion-fullwidth fullwidth-box fusion-builder-row-3 fusion-flex-container nonhundred-percent-fullwidth non-hundred-percent-height-scrolling\" style=\"--awb-border-radius-top-left:0px;--awb-border-radius-top-right:0px;--awb-border-radius-bottom-right:0px;--awb-border-radius-bottom-left:0px;--awb-padding-right:10%;--awb-padding-left:10%;--awb-flex-wrap:wrap;\" ><div class=\"fusion-builder-row fusion-row fusion-flex-align-items-center fusion-flex-justify-content-center fusion-flex-content-wrap\" style=\"max-width:1248px;margin-left: calc(-4% \/ 2 );margin-right: calc(-4% \/ 2 );\"><div class=\"fusion-layout-column fusion_builder_column fusion-builder-column-3 fusion_builder_column_1_3 1_3 fusion-flex-column fusion-flex-align-self-flex-start\" style=\"--awb-bg-image:url(&#039;https:\/\/pcj-ccp.ca\/wp-content\/uploads\/2023\/07\/pcj_ccp_background-crop.jpg&#039;);--awb-bg-position:right center;--awb-bg-blend:screen;--awb-bg-size:cover;--awb-width-large:33.333333333333%;--awb-margin-top-large:10px;--awb-spacing-right-large:0%;--awb-margin-bottom-large:10px;--awb-spacing-left-large:5.184%;--awb-width-medium:33.333333333333%;--awb-order-medium:0;--awb-spacing-right-medium:0%;--awb-spacing-left-medium:5.184%;--awb-width-small:100%;--awb-order-small:0;--awb-spacing-right-small:1.92%;--awb-spacing-left-small:1.92%;\"><div class=\"fusion-column-wrapper fusion-column-has-shadow fusion-flex-justify-content-flex-start fusion-content-layout-column fusion-column-has-bg-image\" data-bg-url=\"https:\/\/pcj-ccp.ca\/wp-content\/uploads\/2023\/07\/pcj_ccp_background-crop.jpg\"><div style=\"text-align:center;\"><a class=\"fusion-button button-flat button-medium button-custom fusion-button-default button-1 fusion-button-default-span fusion-button-default-type\" style=\"--button_accent_color:#ffffff;--button_accent_hover_color:#ffffff;--button_border_hover_color:var(--awb-color1);--button_gradient_top_color:#be1e2d;--button_gradient_bottom_color:#be1e2d;--button_gradient_top_color_hover:#444d62;--button_gradient_bottom_color_hover:#444d62;--button_text_transform:uppercase;--button_margin-top:45px;--button_margin-right:10%;--button_margin-bottom:45px;--button_margin-left:10%;width:calc(100% - 10% - 10%);\" target=\"_self\" href=\"https:\/\/pcj-ccp.ca\/fr\/qui-nous-sommes\/\"><span class=\"fusion-button-text awb-button__text awb-button__text--default\">Qui nous sommes<\/span><\/a><\/div><\/div><\/div><div class=\"fusion-layout-column fusion_builder_column fusion-builder-column-4 fusion_builder_column_1_3 1_3 fusion-flex-column fusion-flex-align-self-flex-start\" style=\"--awb-bg-image:url(&#039;https:\/\/pcj-ccp.ca\/wp-content\/uploads\/2023\/07\/pcj_ccp_background-crop.jpg&#039;);--awb-bg-position:right center;--awb-bg-blend:screen;--awb-bg-size:cover;--awb-width-large:33.333333333333%;--awb-margin-top-large:10px;--awb-spacing-right-large:0%;--awb-margin-bottom-large:10px;--awb-spacing-left-large:5.184%;--awb-width-medium:33.333333333333%;--awb-order-medium:0;--awb-spacing-right-medium:0%;--awb-spacing-left-medium:5.184%;--awb-width-small:100%;--awb-order-small:0;--awb-spacing-right-small:1.92%;--awb-spacing-left-small:1.92%;\"><div class=\"fusion-column-wrapper fusion-column-has-shadow fusion-flex-justify-content-flex-start fusion-content-layout-column fusion-column-has-bg-image\" data-bg-url=\"https:\/\/pcj-ccp.ca\/wp-content\/uploads\/2023\/07\/pcj_ccp_background-crop.jpg\"><div style=\"text-align:center;\"><a class=\"fusion-button button-flat button-medium button-custom fusion-button-default button-2 fusion-button-default-span fusion-button-default-type\" style=\"--button_accent_color:#ffffff;--button_accent_hover_color:#ffffff;--button_border_hover_color:var(--awb-color1);--button_gradient_top_color:#be1e2d;--button_gradient_bottom_color:#be1e2d;--button_gradient_top_color_hover:#444d62;--button_gradient_bottom_color_hover:#444d62;--button_text_transform:uppercase;--button_margin-top:12%;--button_margin-right:10%;--button_margin-bottom:12%;--button_margin-left:10%;width:calc(100% - 10% - 10%);\" target=\"_self\" href=\"https:\/\/pcj-ccp.ca\/fr\/demander-du-financement\/\"><span class=\"fusion-button-text awb-button__text awb-button__text--default\">Comment soumettre une demande de financement<\/span><\/a><\/div><\/div><\/div><div class=\"fusion-layout-column fusion_builder_column fusion-builder-column-5 fusion_builder_column_1_3 1_3 fusion-flex-column fusion-flex-align-self-flex-start\" style=\"--awb-bg-image:url(&#039;https:\/\/pcj-ccp.ca\/wp-content\/uploads\/2023\/07\/pcj_ccp_background-crop.jpg&#039;);--awb-bg-position:right center;--awb-bg-blend:screen;--awb-bg-size:cover;--awb-width-large:33.333333333333%;--awb-margin-top-large:10px;--awb-spacing-right-large:0%;--awb-margin-bottom-large:10px;--awb-spacing-left-large:5.184%;--awb-width-medium:33.333333333333%;--awb-order-medium:0;--awb-spacing-right-medium:0%;--awb-spacing-left-medium:5.184%;--awb-width-small:100%;--awb-order-small:0;--awb-spacing-right-small:1.92%;--awb-spacing-left-small:1.92%;\"><div class=\"fusion-column-wrapper fusion-column-has-shadow fusion-flex-justify-content-flex-start fusion-content-layout-column fusion-column-has-bg-image\" data-bg-url=\"https:\/\/pcj-ccp.ca\/wp-content\/uploads\/2023\/07\/pcj_ccp_background-crop.jpg\"><div style=\"text-align:center;\"><a class=\"fusion-button button-flat button-medium button-custom fusion-button-default button-3 fusion-button-default-span fusion-button-default-type\" style=\"--button_accent_color:#ffffff;--button_accent_hover_color:#ffffff;--button_border_hover_color:var(--awb-color1);--button_gradient_top_color:#be1e2d;--button_gradient_bottom_color:#be1e2d;--button_gradient_top_color_hover:#444d62;--button_gradient_bottom_color_hover:#444d62;--button_text_transform:uppercase;--button_margin-top:30px;--button_margin-right:10%;--button_margin-bottom:30px;--button_margin-left:10%;width:calc(100% - 10% - 10%);\" target=\"_self\" href=\"https:\/\/pcj-ccp.ca\/fr\/beneficiaires-actuels\/\"><span class=\"fusion-button-text awb-button__text awb-button__text--default\">Informations pertinentes pour les b\u00e9n\u00e9ficiaires actuels<\/span><\/a><\/div><\/div><\/div><\/div><\/div><div class=\"fusion-fullwidth fullwidth-box fusion-builder-row-4 fusion-flex-container nonhundred-percent-fullwidth non-hundred-percent-height-scrolling\" style=\"--awb-border-radius-top-left:0px;--awb-border-radius-top-right:0px;--awb-border-radius-bottom-right:0px;--awb-border-radius-bottom-left:0px;--awb-flex-wrap:wrap;\" ><div class=\"fusion-builder-row fusion-row fusion-flex-align-items-flex-start fusion-flex-content-wrap\" style=\"max-width:1248px;margin-left: calc(-4% \/ 2 );margin-right: calc(-4% \/ 2 );\"><\/div><\/div><\/p>\n","protected":false},"excerpt":{"rendered":"","protected":false},"author":3,"featured_media":0,"parent":0,"menu_order":0,"comment_status":"closed","ping_status":"closed","template":"","meta":{"footnotes":""},"class_list":["post-8610","page","type-page","status-publish","hentry"],"yoast_head":"<!-- This site is optimized with the Yoast SEO plugin v27.3 - https:\/\/yoast.com\/product\/yoast-seo-wordpress\/ -->\n<title>\u00c0 propos du PCJ - PCJ CCP<\/title>\n<meta name=\"description\" content=\"Le PCJ fournit du financement pour aider les Canadiens et Canadiennes \u00e0 porter des causes types d\u2019importance nationale devant les tribunaux.\" \/>\n<meta name=\"robots\" content=\"index, follow, max-snippet:-1, max-image-preview:large, max-video-preview:-1\" \/>\n<link rel=\"canonical\" href=\"https:\/\/pcj-ccp.ca\/fr\/a-propos-du-pcj\/\" \/>\n<meta property=\"og:locale\" content=\"fr_FR\" \/>\n<meta property=\"og:type\" content=\"article\" \/>\n<meta property=\"og:title\" content=\"\u00c0 propos du PCJ - PCJ CCP\" \/>\n<meta property=\"og:description\" content=\"Le PCJ fournit du financement pour aider les Canadiens et Canadiennes \u00e0 porter des causes types d\u2019importance nationale devant les tribunaux.\" \/>\n<meta property=\"og:url\" content=\"https:\/\/pcj-ccp.ca\/fr\/a-propos-du-pcj\/\" \/>\n<meta property=\"og:site_name\" content=\"PCJ CCP\" \/>\n<meta property=\"article:modified_time\" content=\"2025-11-03T17:01:21+00:00\" \/>\n<meta name=\"twitter:card\" content=\"summary_large_image\" \/>\n<meta name=\"twitter:label1\" content=\"Dur\u00e9e de lecture estim\u00e9e\" \/>\n\t<meta name=\"twitter:data1\" content=\"2 minutes\" \/>\n<script type=\"application\/ld+json\" class=\"yoast-schema-graph\">{\"@context\":\"https:\\\/\\\/schema.org\",\"@graph\":[{\"@type\":\"WebPage\",\"@id\":\"https:\\\/\\\/pcj-ccp.ca\\\/fr\\\/a-propos-du-pcj\\\/\",\"url\":\"https:\\\/\\\/pcj-ccp.ca\\\/fr\\\/a-propos-du-pcj\\\/\",\"name\":\"\u00c0 propos du PCJ - PCJ CCP\",\"isPartOf\":{\"@id\":\"https:\\\/\\\/pcj-ccp.ca\\\/#website\"},\"datePublished\":\"2025-05-28T15:10:16+00:00\",\"dateModified\":\"2025-11-03T17:01:21+00:00\",\"description\":\"Le PCJ fournit du financement pour aider les Canadiens et Canadiennes \u00e0 porter des causes types d\u2019importance nationale devant les tribunaux.\",\"breadcrumb\":{\"@id\":\"https:\\\/\\\/pcj-ccp.ca\\\/fr\\\/a-propos-du-pcj\\\/#breadcrumb\"},\"inLanguage\":\"fr-FR\",\"potentialAction\":[{\"@type\":\"ReadAction\",\"target\":[\"https:\\\/\\\/pcj-ccp.ca\\\/fr\\\/a-propos-du-pcj\\\/\"]}]},{\"@type\":\"BreadcrumbList\",\"@id\":\"https:\\\/\\\/pcj-ccp.ca\\\/fr\\\/a-propos-du-pcj\\\/#breadcrumb\",\"itemListElement\":[{\"@type\":\"ListItem\",\"position\":1,\"name\":\"Home\",\"item\":\"https:\\\/\\\/pcj-ccp.ca\\\/fr\\\/\"},{\"@type\":\"ListItem\",\"position\":2,\"name\":\"\u00c0 propos du PCJ\"}]},{\"@type\":\"WebSite\",\"@id\":\"https:\\\/\\\/pcj-ccp.ca\\\/#website\",\"url\":\"https:\\\/\\\/pcj-ccp.ca\\\/\",\"name\":\"PCJ CCP\",\"description\":\"\",\"potentialAction\":[{\"@type\":\"SearchAction\",\"target\":{\"@type\":\"EntryPoint\",\"urlTemplate\":\"https:\\\/\\\/pcj-ccp.ca\\\/?s={search_term_string}\"},\"query-input\":{\"@type\":\"PropertyValueSpecification\",\"valueRequired\":true,\"valueName\":\"search_term_string\"}}],\"inLanguage\":\"fr-FR\"}]}<\/script>\n<!-- \/ Yoast SEO plugin. -->","yoast_head_json":{"title":"\u00c0 propos du PCJ - PCJ CCP","description":"Le PCJ fournit du financement pour aider les Canadiens et Canadiennes \u00e0 porter des causes types d\u2019importance nationale devant les tribunaux.","robots":{"index":"index","follow":"follow","max-snippet":"max-snippet:-1","max-image-preview":"max-image-preview:large","max-video-preview":"max-video-preview:-1"},"canonical":"https:\/\/pcj-ccp.ca\/fr\/a-propos-du-pcj\/","og_locale":"fr_FR","og_type":"article","og_title":"\u00c0 propos du PCJ - PCJ CCP","og_description":"Le PCJ fournit du financement pour aider les Canadiens et Canadiennes \u00e0 porter des causes types d\u2019importance nationale devant les tribunaux.","og_url":"https:\/\/pcj-ccp.ca\/fr\/a-propos-du-pcj\/","og_site_name":"PCJ CCP","article_modified_time":"2025-11-03T17:01:21+00:00","twitter_card":"summary_large_image","twitter_misc":{"Dur\u00e9e de lecture estim\u00e9e":"2 minutes"},"schema":{"@context":"https:\/\/schema.org","@graph":[{"@type":"WebPage","@id":"https:\/\/pcj-ccp.ca\/fr\/a-propos-du-pcj\/","url":"https:\/\/pcj-ccp.ca\/fr\/a-propos-du-pcj\/","name":"\u00c0 propos du PCJ - PCJ CCP","isPartOf":{"@id":"https:\/\/pcj-ccp.ca\/#website"},"datePublished":"2025-05-28T15:10:16+00:00","dateModified":"2025-11-03T17:01:21+00:00","description":"Le PCJ fournit du financement pour aider les Canadiens et Canadiennes \u00e0 porter des causes types d\u2019importance nationale devant les tribunaux.","breadcrumb":{"@id":"https:\/\/pcj-ccp.ca\/fr\/a-propos-du-pcj\/#breadcrumb"},"inLanguage":"fr-FR","potentialAction":[{"@type":"ReadAction","target":["https:\/\/pcj-ccp.ca\/fr\/a-propos-du-pcj\/"]}]},{"@type":"BreadcrumbList","@id":"https:\/\/pcj-ccp.ca\/fr\/a-propos-du-pcj\/#breadcrumb","itemListElement":[{"@type":"ListItem","position":1,"name":"Home","item":"https:\/\/pcj-ccp.ca\/fr\/"},{"@type":"ListItem","position":2,"name":"\u00c0 propos du PCJ"}]},{"@type":"WebSite","@id":"https:\/\/pcj-ccp.ca\/#website","url":"https:\/\/pcj-ccp.ca\/","name":"PCJ CCP","description":"","potentialAction":[{"@type":"SearchAction","target":{"@type":"EntryPoint","urlTemplate":"https:\/\/pcj-ccp.ca\/?s={search_term_string}"},"query-input":{"@type":"PropertyValueSpecification","valueRequired":true,"valueName":"search_term_string"}}],"inLanguage":"fr-FR"}]}},"_links":{"self":[{"href":"https:\/\/pcj-ccp.ca\/fr\/wp-json\/wp\/v2\/pages\/8610","targetHints":{"allow":["GET"]}}],"collection":[{"href":"https:\/\/pcj-ccp.ca\/fr\/wp-json\/wp\/v2\/pages"}],"about":[{"href":"https:\/\/pcj-ccp.ca\/fr\/wp-json\/wp\/v2\/types\/page"}],"author":[{"embeddable":true,"href":"https:\/\/pcj-ccp.ca\/fr\/wp-json\/wp\/v2\/users\/3"}],"replies":[{"embeddable":true,"href":"https:\/\/pcj-ccp.ca\/fr\/wp-json\/wp\/v2\/comments?post=8610"}],"version-history":[{"count":9,"href":"https:\/\/pcj-ccp.ca\/fr\/wp-json\/wp\/v2\/pages\/8610\/revisions"}],"predecessor-version":[{"id":10380,"href":"https:\/\/pcj-ccp.ca\/fr\/wp-json\/wp\/v2\/pages\/8610\/revisions\/10380"}],"wp:attachment":[{"href":"https:\/\/pcj-ccp.ca\/fr\/wp-json\/wp\/v2\/media?parent=8610"}],"curies":[{"name":"wp","href":"https:\/\/api.w.org\/{rel}","templated":true}]}}