{"id":8622,"date":"2025-05-28T11:14:53","date_gmt":"2025-05-28T15:14:53","guid":{"rendered":"https:\/\/pcj-ccp.ca\/?page_id=8622"},"modified":"2025-11-03T12:55:29","modified_gmt":"2025-11-03T17:55:29","slug":"ce-que-nous-financons","status":"publish","type":"page","link":"https:\/\/pcj-ccp.ca\/fr\/ce-que-nous-financons\/","title":{"rendered":"Ce que nous finan\u00e7ons"},"content":{"rendered":"<p><div class=\"fusion-fullwidth fullwidth-box fusion-builder-row-1 fusion-flex-container nonhundred-percent-fullwidth non-hundred-percent-height-scrolling\" style=\"--awb-border-radius-top-left:0px;--awb-border-radius-top-right:0px;--awb-border-radius-bottom-right:0px;--awb-border-radius-bottom-left:0px;--awb-padding-right:10%;--awb-padding-left:10%;--awb-flex-wrap:wrap;\" ><div class=\"fusion-builder-row fusion-row fusion-flex-align-items-flex-start fusion-flex-content-wrap\" style=\"max-width:1248px;margin-left: calc(-4% \/ 2 );margin-right: calc(-4% \/ 2 );\"><div class=\"fusion-layout-column fusion_builder_column fusion-builder-column-0 fusion_builder_column_1_2 1_2 fusion-flex-column\" style=\"--awb-bg-size:cover;--awb-width-large:50%;--awb-margin-top-large:10px;--awb-spacing-right-large:3.84%;--awb-margin-bottom-large:10px;--awb-spacing-left-large:3.84%;--awb-width-medium:50%;--awb-order-medium:0;--awb-spacing-right-medium:3.84%;--awb-spacing-left-medium:3.84%;--awb-width-small:100%;--awb-order-small:0;--awb-spacing-right-small:1.92%;--awb-spacing-left-small:1.92%;\"><div class=\"fusion-column-wrapper fusion-column-has-shadow fusion-flex-justify-content-flex-start fusion-content-layout-column\"><div class=\"fusion-text fusion-text-1\" style=\"--awb-text-transform:none;--awb-margin-top:5%;--awb-margin-right:55px;\"><div>\n<div>Le Programme de contestation judiciaire est compos\u00e9 de deux volets : celui des droits en mati\u00e8re de langues officielles et celui des droits de la personne. Les deux volets ont en commun l&rsquo;objectif de fournir un soutien financier pour des causes types d&rsquo;importance nationale.<\/div>\n<\/div>\n<\/div><div class=\"fusion-text fusion-text-2\" style=\"--awb-text-transform:none;--awb-margin-top:5%;--awb-margin-right:5%;\"><div>\n<div>Cependant, bien que les objectifs g\u00e9n\u00e9raux du Programme soient communs aux deux volets, ceux-ci ont des crit\u00e8res d&rsquo;admissibilit\u00e9 et juridictionnels diff\u00e9rents. Ainsi, chaque volet a son propre Comit\u00e9 d&rsquo;experts qui prend les d\u00e9cisions de financement de mani\u00e8re ind\u00e9pendante. Pour en savoir plus sur leur r\u00f4le, veuillez consulter la section sur les <a href=\"https:\/\/pcj-ccp.ca\/fr\/comites-dexperts\/\">Comit\u00e9s d&rsquo;experts<\/a>.<\/div>\n<\/div>\n<\/div><\/div><\/div><div class=\"fusion-layout-column fusion_builder_column fusion-builder-column-1 fusion_builder_column_1_2 1_2 fusion-flex-column\" style=\"--awb-padding-top:3%;--awb-padding-bottom:5%;--awb-bg-color:var(--awb-color2);--awb-bg-color-hover:var(--awb-color2);--awb-bg-size:cover;--awb-width-large:50%;--awb-margin-top-large:20px;--awb-spacing-right-large:3.84%;--awb-margin-bottom-large:10px;--awb-spacing-left-large:3.84%;--awb-width-medium:50%;--awb-order-medium:0;--awb-spacing-right-medium:3.84%;--awb-spacing-left-medium:3.84%;--awb-width-small:100%;--awb-order-small:0;--awb-spacing-right-small:1.92%;--awb-spacing-left-small:1.92%;\"><div class=\"fusion-column-wrapper fusion-column-has-shadow fusion-flex-justify-content-flex-start fusion-content-layout-column\"><div class=\"fusion-text fusion-text-3\" style=\"--awb-text-transform:none;--awb-text-color:var(--awb-custom13);--awb-margin-top:4%;--awb-margin-right:6%;--awb-margin-left:6%;\"><h2 style=\"text-align: left;\">Qu&rsquo;est-ce qu&rsquo;une <a href=\"https:\/\/pcj-ccp.ca\/fr\/causes-types-dimportance-nationale\/\"><u>cause type d&rsquo;importance nationale<\/u><\/a>?<\/h2>\n<\/div><div class=\"fusion-text fusion-text-4\" style=\"--awb-text-transform:none;--awb-margin-top:4%;--awb-margin-right:6%;--awb-margin-left:6%;\"><div>\n<div>Une cause type d&rsquo;importance nationale est une affaire port\u00e9e devant les tribunaux pour affirmer et clarifier, de mani\u00e8re novatrice, un ou plusieurs des droits couverts par le PCJ. Ainsi, l&rsquo;objectif d&rsquo;une cause type n&rsquo;est pas seulement de b\u00e9n\u00e9ficier aux parties dans l&rsquo;affaire elle-m\u00eame, mais de mieux informer tous les Canadiens et Canadiennes de la port\u00e9e du ou des droits en question.<\/div>\n<\/div>\n<\/div><\/div><\/div><\/div><\/div><div class=\"fusion-fullwidth fullwidth-box fusion-builder-row-2 fusion-flex-container nonhundred-percent-fullwidth non-hundred-percent-height-scrolling\" style=\"--awb-border-radius-top-left:0px;--awb-border-radius-top-right:0px;--awb-border-radius-bottom-right:0px;--awb-border-radius-bottom-left:0px;--awb-padding-right:10%;--awb-padding-left:10%;--awb-margin-top:5%;--awb-flex-wrap:wrap;\" ><div class=\"fusion-builder-row fusion-row fusion-flex-align-items-flex-start fusion-flex-content-wrap\" style=\"max-width:1248px;margin-left: calc(-4% \/ 2 );margin-right: calc(-4% \/ 2 );\"><div class=\"fusion-layout-column fusion_builder_column fusion-builder-column-2 fusion_builder_column_1_2 1_2 fusion-flex-column\" style=\"--awb-bg-size:cover;--awb-width-large:50%;--awb-margin-top-large:10px;--awb-spacing-right-large:3.84%;--awb-margin-bottom-large:10px;--awb-spacing-left-large:3.84%;--awb-width-medium:50%;--awb-order-medium:0;--awb-spacing-right-medium:3.84%;--awb-spacing-left-medium:3.84%;--awb-width-small:100%;--awb-order-small:0;--awb-spacing-right-small:1.92%;--awb-spacing-left-small:1.92%;\"><div class=\"fusion-column-wrapper fusion-column-has-shadow fusion-flex-justify-content-flex-start fusion-content-layout-column\"><div class=\"fusion-builder-row fusion-builder-row-inner fusion-row fusion-flex-align-items-flex-start fusion-flex-content-wrap\" style=\"--awb-flex-grow:0;--awb-flex-grow-medium:0;--awb-flex-grow-small:0;--awb-flex-shrink:0;--awb-flex-shrink-medium:0;--awb-flex-shrink-small:0;width:104% !important;max-width:104% !important;margin-left: calc(-4% \/ 2 );margin-right: calc(-4% \/ 2 );\"><div class=\"fusion-layout-column fusion_builder_column_inner fusion-builder-nested-column-0 fusion_builder_column_inner_1_4 1_4 fusion-flex-column\" style=\"--awb-bg-size:cover;--awb-width-large:25%;--awb-margin-top-large:10px;--awb-spacing-right-large:7.68%;--awb-margin-bottom-large:10px;--awb-spacing-left-large:7.68%;--awb-width-medium:25%;--awb-order-medium:0;--awb-spacing-right-medium:7.68%;--awb-spacing-left-medium:7.68%;--awb-width-small:100%;--awb-order-small:0;--awb-spacing-right-small:1.92%;--awb-spacing-left-small:1.92%;\"><div class=\"fusion-column-wrapper fusion-column-has-shadow fusion-flex-justify-content-flex-start fusion-content-layout-column\"><div class=\"fusion-image-element \" style=\"text-align:left;--awb-margin-top:10%;--awb-max-width:70px;--awb-caption-title-font-family:var(--h2_typography-font-family);--awb-caption-title-font-weight:var(--h2_typography-font-weight);--awb-caption-title-font-style:var(--h2_typography-font-style);--awb-caption-title-size:var(--h2_typography-font-size);--awb-caption-title-transform:var(--h2_typography-text-transform);--awb-caption-title-line-height:var(--h2_typography-line-height);--awb-caption-title-letter-spacing:var(--h2_typography-letter-spacing);\"><span class=\" fusion-imageframe imageframe-none imageframe-1 hover-type-none\"><img decoding=\"async\" width=\"150\" height=\"150\" title=\"mapleleaf-thumb\" src=\"https:\/\/pcj-ccp.ca\/wp-content\/uploads\/2023\/07\/mapleleaf-thumb-150x150.png\" alt class=\"img-responsive wp-image-9361\" srcset=\"https:\/\/pcj-ccp.ca\/wp-content\/uploads\/2023\/07\/mapleleaf-thumb-200x200.png 200w, https:\/\/pcj-ccp.ca\/wp-content\/uploads\/2023\/07\/mapleleaf-thumb.png 372w\" sizes=\"(max-width: 640px) 100vw, 150px\" \/><\/span><\/div><\/div><\/div><div class=\"fusion-layout-column fusion_builder_column_inner fusion-builder-nested-column-1 fusion_builder_column_inner_3_4 3_4 fusion-flex-column\" style=\"--awb-bg-size:cover;--awb-width-large:75%;--awb-margin-top-large:10px;--awb-spacing-right-large:2.56%;--awb-margin-bottom-large:10px;--awb-spacing-left-large:0%;--awb-width-medium:75%;--awb-order-medium:0;--awb-spacing-right-medium:2.56%;--awb-spacing-left-medium:0%;--awb-width-small:100%;--awb-order-small:0;--awb-spacing-right-small:1.92%;--awb-spacing-left-small:1.92%;\"><div class=\"fusion-column-wrapper fusion-column-has-shadow fusion-flex-justify-content-flex-start fusion-content-layout-column\"><div class=\"fusion-text fusion-text-5\" style=\"--awb-text-transform:none;--awb-text-color:var(--awb-custom13);--awb-margin-top:10%;\"><h2 style=\"text-align: left;\">Le volet des droits en mati\u00e8re<br \/>\nde langues officielles<\/h2>\n<\/div><\/div><\/div><\/div><div class=\"fusion-text fusion-text-6\" style=\"--awb-text-transform:none;\"><div style=\"text-align: left;\">Le volet des droits en mati\u00e8re de langues officielles finance les contestations constitutionnelles et quasi constitutionnelles d\u00e9coulant de la violation all\u00e9gu\u00e9e<br \/>\nde droits sp\u00e9cifiques prot\u00e9g\u00e9s par la Constitution et<br \/>\nla <em>Loi sur les langues officielles<\/em>.<\/div>\n<\/div><\/div><\/div><div class=\"fusion-layout-column fusion_builder_column fusion-builder-column-3 fusion_builder_column_1_2 1_2 fusion-flex-column\" style=\"--awb-bg-size:cover;--awb-width-large:50%;--awb-margin-top-large:10px;--awb-spacing-right-large:3.84%;--awb-margin-bottom-large:10px;--awb-spacing-left-large:3.84%;--awb-width-medium:50%;--awb-order-medium:0;--awb-spacing-right-medium:3.84%;--awb-spacing-left-medium:3.84%;--awb-width-small:100%;--awb-order-small:0;--awb-spacing-right-small:1.92%;--awb-spacing-left-small:1.92%;\"><div class=\"fusion-column-wrapper fusion-column-has-shadow fusion-flex-justify-content-flex-start fusion-content-layout-column\"><div class=\"fusion-builder-row fusion-builder-row-inner fusion-row fusion-flex-align-items-flex-start fusion-flex-content-wrap\" style=\"--awb-flex-grow:0;--awb-flex-grow-medium:0;--awb-flex-grow-small:0;--awb-flex-shrink:0;--awb-flex-shrink-medium:0;--awb-flex-shrink-small:0;width:104% !important;max-width:104% !important;margin-left: calc(-4% \/ 2 );margin-right: calc(-4% \/ 2 );\"><div class=\"fusion-layout-column fusion_builder_column_inner fusion-builder-nested-column-2 fusion_builder_column_inner_1_4 1_4 fusion-flex-column\" style=\"--awb-bg-size:cover;--awb-width-large:25%;--awb-margin-top-large:10px;--awb-spacing-right-large:7.68%;--awb-margin-bottom-large:10px;--awb-spacing-left-large:7.68%;--awb-width-medium:25%;--awb-order-medium:0;--awb-spacing-right-medium:7.68%;--awb-spacing-left-medium:7.68%;--awb-width-small:100%;--awb-order-small:0;--awb-spacing-right-small:1.92%;--awb-spacing-left-small:1.92%;\"><div class=\"fusion-column-wrapper fusion-column-has-shadow fusion-flex-justify-content-flex-start fusion-content-layout-column\"><div class=\"fusion-image-element \" style=\"text-align:left;--awb-margin-top:10%;--awb-max-width:70px;--awb-caption-title-font-family:var(--h2_typography-font-family);--awb-caption-title-font-weight:var(--h2_typography-font-weight);--awb-caption-title-font-style:var(--h2_typography-font-style);--awb-caption-title-size:var(--h2_typography-font-size);--awb-caption-title-transform:var(--h2_typography-text-transform);--awb-caption-title-line-height:var(--h2_typography-line-height);--awb-caption-title-letter-spacing:var(--h2_typography-letter-spacing);\"><span class=\" fusion-imageframe imageframe-none imageframe-2 hover-type-none\"><img decoding=\"async\" width=\"150\" height=\"150\" title=\"mapleleaf-thumb\" src=\"https:\/\/pcj-ccp.ca\/wp-content\/uploads\/2023\/07\/mapleleaf-thumb-150x150.png\" alt class=\"img-responsive wp-image-9361\" srcset=\"https:\/\/pcj-ccp.ca\/wp-content\/uploads\/2023\/07\/mapleleaf-thumb-200x200.png 200w, https:\/\/pcj-ccp.ca\/wp-content\/uploads\/2023\/07\/mapleleaf-thumb.png 372w\" sizes=\"(max-width: 640px) 100vw, 150px\" \/><\/span><\/div><\/div><\/div><div class=\"fusion-layout-column fusion_builder_column_inner fusion-builder-nested-column-3 fusion_builder_column_inner_3_4 3_4 fusion-flex-column\" style=\"--awb-bg-size:cover;--awb-width-large:75%;--awb-margin-top-large:10px;--awb-spacing-right-large:2.56%;--awb-margin-bottom-large:10px;--awb-spacing-left-large:2.56%;--awb-width-medium:75%;--awb-order-medium:0;--awb-spacing-right-medium:2.56%;--awb-spacing-left-medium:2.56%;--awb-width-small:100%;--awb-order-small:0;--awb-spacing-right-small:1.92%;--awb-spacing-left-small:1.92%;\"><div class=\"fusion-column-wrapper fusion-column-has-shadow fusion-flex-justify-content-flex-start fusion-content-layout-column\"><div class=\"fusion-text fusion-text-7\" style=\"--awb-text-transform:none;--awb-text-color:var(--awb-custom13);--awb-margin-top:10%;\"><h2 style=\"text-align: left;\">Le volet des droits de la personne<\/h2>\n<\/div><\/div><\/div><\/div><div class=\"fusion-separator fusion-full-width-sep\" style=\"align-self: center;margin-left: auto;margin-right: auto;margin-bottom:15px;width:100%;\"><\/div><div class=\"fusion-text fusion-text-8\" style=\"--awb-text-transform:none;--awb-margin-left:3%;\"><div>\n<div>Le volet des droits de la personne finance les contestations constitutionnelles portant sur la violation all\u00e9gu\u00e9e, par le gouvernement f\u00e9d\u00e9ral, de droits sp\u00e9cifiques prot\u00e9g\u00e9s par la <em>Charte canadienne des droits et libert\u00e9s<\/em>.<\/div>\n<\/div>\n<\/div><div class=\"fusion-separator fusion-full-width-sep\" style=\"align-self: center;margin-left: auto;margin-right: auto;margin-bottom:15px;width:100%;\"><\/div><\/div><\/div><\/div><\/div><div class=\"fusion-fullwidth fullwidth-box fusion-builder-row-3 fusion-flex-container nonhundred-percent-fullwidth non-hundred-percent-height-scrolling\" style=\"--awb-border-radius-top-left:0px;--awb-border-radius-top-right:0px;--awb-border-radius-bottom-right:0px;--awb-border-radius-bottom-left:0px;--awb-padding-right:35%;--awb-padding-left:35%;--awb-padding-right-small:0px;--awb-padding-left-small:0px;--awb-flex-wrap:wrap;\" ><div class=\"fusion-builder-row fusion-row fusion-flex-align-items-center fusion-flex-justify-content-center fusion-flex-content-wrap\" style=\"max-width:1248px;margin-left: calc(-4% \/ 2 );margin-right: calc(-4% \/ 2 );\"><div class=\"fusion-layout-column fusion_builder_column fusion-builder-column-4 fusion_builder_column_1_1 1_1 fusion-flex-column\" style=\"--awb-padding-top:10%;--awb-padding-right:17%;--awb-padding-bottom:10%;--awb-padding-left:17%;--awb-bg-image:url(&#039;https:\/\/pcj-ccp.ca\/wp-content\/uploads\/2023\/07\/pcj_ccp_background-crop.jpg&#039;);--awb-bg-size:cover;--awb-width-large:100%;--awb-margin-top-large:10px;--awb-spacing-right-large:1.92%;--awb-margin-bottom-large:10px;--awb-spacing-left-large:1.92%;--awb-width-medium:100%;--awb-order-medium:0;--awb-spacing-right-medium:1.92%;--awb-spacing-left-medium:1.92%;--awb-width-small:100%;--awb-order-small:0;--awb-spacing-right-small:1.92%;--awb-spacing-left-small:1.92%;\"><div class=\"fusion-column-wrapper fusion-column-has-shadow fusion-flex-justify-content-flex-start fusion-content-layout-column fusion-column-has-bg-image\" data-bg-url=\"https:\/\/pcj-ccp.ca\/wp-content\/uploads\/2023\/07\/pcj_ccp_background-crop.jpg\"><div style=\"text-align:center;\"><a class=\"fusion-button button-flat button-large button-custom fusion-button-default button-1 fusion-button-default-span fusion-button-default-type\" style=\"--button_accent_color:#ffffff;--button_accent_hover_color:#ffffff;--button_border_hover_color:var(--awb-color1);--button_gradient_top_color:#be1e2d;--button_gradient_bottom_color:#be1e2d;--button_gradient_top_color_hover:#444d62;--button_gradient_bottom_color_hover:#444d62;--button_text_transform:uppercase;width:calc(100%);\" target=\"_self\" href=\"https:\/\/pcj-ccp.ca\/fr\/droits-couverts\/\"><span class=\"fusion-button-text awb-button__text awb-button__text--default\">Liste des droits couverts par le PCJ<\/span><\/a><\/div><\/div><\/div><\/div><\/div><\/p>\n","protected":false},"excerpt":{"rendered":"","protected":false},"author":3,"featured_media":0,"parent":0,"menu_order":0,"comment_status":"closed","ping_status":"closed","template":"","meta":{"footnotes":""},"class_list":["post-8622","page","type-page","status-publish","hentry"],"yoast_head":"<!-- This site is optimized with the Yoast SEO plugin v27.3 - https:\/\/yoast.com\/product\/yoast-seo-wordpress\/ -->\n<title>Ce que nous finan\u00e7ons - PCJ CCP<\/title>\n<meta name=\"description\" content=\"Le PCJ fournit du financement \u00e0 des causes types d&#039;importance nationale touchant les droits linguistiques et les droits de la personne.\" \/>\n<meta name=\"robots\" content=\"index, follow, max-snippet:-1, max-image-preview:large, max-video-preview:-1\" \/>\n<link rel=\"canonical\" href=\"https:\/\/pcj-ccp.ca\/fr\/ce-que-nous-financons\/\" \/>\n<meta property=\"og:locale\" content=\"fr_FR\" \/>\n<meta property=\"og:type\" content=\"article\" \/>\n<meta property=\"og:title\" content=\"Ce que nous finan\u00e7ons - PCJ CCP\" \/>\n<meta property=\"og:description\" content=\"Le PCJ fournit du financement \u00e0 des causes types d&#039;importance nationale touchant les droits linguistiques et les droits de la personne.\" \/>\n<meta property=\"og:url\" content=\"https:\/\/pcj-ccp.ca\/fr\/ce-que-nous-financons\/\" \/>\n<meta property=\"og:site_name\" content=\"PCJ CCP\" \/>\n<meta property=\"article:modified_time\" content=\"2025-11-03T17:55:29+00:00\" \/>\n<meta name=\"twitter:card\" content=\"summary_large_image\" \/>\n<meta name=\"twitter:label1\" content=\"Dur\u00e9e de lecture estim\u00e9e\" \/>\n\t<meta name=\"twitter:data1\" content=\"2 minutes\" \/>\n<script type=\"application\/ld+json\" class=\"yoast-schema-graph\">{\"@context\":\"https:\\\/\\\/schema.org\",\"@graph\":[{\"@type\":\"WebPage\",\"@id\":\"https:\\\/\\\/pcj-ccp.ca\\\/fr\\\/ce-que-nous-financons\\\/\",\"url\":\"https:\\\/\\\/pcj-ccp.ca\\\/fr\\\/ce-que-nous-financons\\\/\",\"name\":\"Ce que nous finan\u00e7ons - PCJ CCP\",\"isPartOf\":{\"@id\":\"https:\\\/\\\/pcj-ccp.ca\\\/#website\"},\"datePublished\":\"2025-05-28T15:14:53+00:00\",\"dateModified\":\"2025-11-03T17:55:29+00:00\",\"description\":\"Le PCJ fournit du financement \u00e0 des causes types d'importance nationale touchant les droits linguistiques et les droits de la personne.\",\"breadcrumb\":{\"@id\":\"https:\\\/\\\/pcj-ccp.ca\\\/fr\\\/ce-que-nous-financons\\\/#breadcrumb\"},\"inLanguage\":\"fr-FR\",\"potentialAction\":[{\"@type\":\"ReadAction\",\"target\":[\"https:\\\/\\\/pcj-ccp.ca\\\/fr\\\/ce-que-nous-financons\\\/\"]}]},{\"@type\":\"BreadcrumbList\",\"@id\":\"https:\\\/\\\/pcj-ccp.ca\\\/fr\\\/ce-que-nous-financons\\\/#breadcrumb\",\"itemListElement\":[{\"@type\":\"ListItem\",\"position\":1,\"name\":\"Home\",\"item\":\"https:\\\/\\\/pcj-ccp.ca\\\/fr\\\/\"},{\"@type\":\"ListItem\",\"position\":2,\"name\":\"Ce que nous finan\u00e7ons\"}]},{\"@type\":\"WebSite\",\"@id\":\"https:\\\/\\\/pcj-ccp.ca\\\/#website\",\"url\":\"https:\\\/\\\/pcj-ccp.ca\\\/\",\"name\":\"PCJ CCP\",\"description\":\"\",\"potentialAction\":[{\"@type\":\"SearchAction\",\"target\":{\"@type\":\"EntryPoint\",\"urlTemplate\":\"https:\\\/\\\/pcj-ccp.ca\\\/?s={search_term_string}\"},\"query-input\":{\"@type\":\"PropertyValueSpecification\",\"valueRequired\":true,\"valueName\":\"search_term_string\"}}],\"inLanguage\":\"fr-FR\"}]}<\/script>\n<!-- \/ Yoast SEO plugin. -->","yoast_head_json":{"title":"Ce que nous finan\u00e7ons - PCJ CCP","description":"Le PCJ fournit du financement \u00e0 des causes types d'importance nationale touchant les droits linguistiques et les droits de la personne.","robots":{"index":"index","follow":"follow","max-snippet":"max-snippet:-1","max-image-preview":"max-image-preview:large","max-video-preview":"max-video-preview:-1"},"canonical":"https:\/\/pcj-ccp.ca\/fr\/ce-que-nous-financons\/","og_locale":"fr_FR","og_type":"article","og_title":"Ce que nous finan\u00e7ons - PCJ CCP","og_description":"Le PCJ fournit du financement \u00e0 des causes types d'importance nationale touchant les droits linguistiques et les droits de la personne.","og_url":"https:\/\/pcj-ccp.ca\/fr\/ce-que-nous-financons\/","og_site_name":"PCJ CCP","article_modified_time":"2025-11-03T17:55:29+00:00","twitter_card":"summary_large_image","twitter_misc":{"Dur\u00e9e de lecture estim\u00e9e":"2 minutes"},"schema":{"@context":"https:\/\/schema.org","@graph":[{"@type":"WebPage","@id":"https:\/\/pcj-ccp.ca\/fr\/ce-que-nous-financons\/","url":"https:\/\/pcj-ccp.ca\/fr\/ce-que-nous-financons\/","name":"Ce que nous finan\u00e7ons - PCJ CCP","isPartOf":{"@id":"https:\/\/pcj-ccp.ca\/#website"},"datePublished":"2025-05-28T15:14:53+00:00","dateModified":"2025-11-03T17:55:29+00:00","description":"Le PCJ fournit du financement \u00e0 des causes types d'importance nationale touchant les droits linguistiques et les droits de la personne.","breadcrumb":{"@id":"https:\/\/pcj-ccp.ca\/fr\/ce-que-nous-financons\/#breadcrumb"},"inLanguage":"fr-FR","potentialAction":[{"@type":"ReadAction","target":["https:\/\/pcj-ccp.ca\/fr\/ce-que-nous-financons\/"]}]},{"@type":"BreadcrumbList","@id":"https:\/\/pcj-ccp.ca\/fr\/ce-que-nous-financons\/#breadcrumb","itemListElement":[{"@type":"ListItem","position":1,"name":"Home","item":"https:\/\/pcj-ccp.ca\/fr\/"},{"@type":"ListItem","position":2,"name":"Ce que nous finan\u00e7ons"}]},{"@type":"WebSite","@id":"https:\/\/pcj-ccp.ca\/#website","url":"https:\/\/pcj-ccp.ca\/","name":"PCJ CCP","description":"","potentialAction":[{"@type":"SearchAction","target":{"@type":"EntryPoint","urlTemplate":"https:\/\/pcj-ccp.ca\/?s={search_term_string}"},"query-input":{"@type":"PropertyValueSpecification","valueRequired":true,"valueName":"search_term_string"}}],"inLanguage":"fr-FR"}]}},"_links":{"self":[{"href":"https:\/\/pcj-ccp.ca\/fr\/wp-json\/wp\/v2\/pages\/8622","targetHints":{"allow":["GET"]}}],"collection":[{"href":"https:\/\/pcj-ccp.ca\/fr\/wp-json\/wp\/v2\/pages"}],"about":[{"href":"https:\/\/pcj-ccp.ca\/fr\/wp-json\/wp\/v2\/types\/page"}],"author":[{"embeddable":true,"href":"https:\/\/pcj-ccp.ca\/fr\/wp-json\/wp\/v2\/users\/3"}],"replies":[{"embeddable":true,"href":"https:\/\/pcj-ccp.ca\/fr\/wp-json\/wp\/v2\/comments?post=8622"}],"version-history":[{"count":8,"href":"https:\/\/pcj-ccp.ca\/fr\/wp-json\/wp\/v2\/pages\/8622\/revisions"}],"predecessor-version":[{"id":10387,"href":"https:\/\/pcj-ccp.ca\/fr\/wp-json\/wp\/v2\/pages\/8622\/revisions\/10387"}],"wp:attachment":[{"href":"https:\/\/pcj-ccp.ca\/fr\/wp-json\/wp\/v2\/media?parent=8622"}],"curies":[{"name":"wp","href":"https:\/\/api.w.org\/{rel}","templated":true}]}}