{"id":8669,"date":"2025-05-28T11:41:00","date_gmt":"2025-05-28T15:41:00","guid":{"rendered":"https:\/\/pcj-ccp.ca\/?page_id=8669"},"modified":"2026-02-18T14:33:13","modified_gmt":"2026-02-18T19:33:13","slug":"formulaires","status":"publish","type":"page","link":"https:\/\/pcj-ccp.ca\/fr\/formulaires\/","title":{"rendered":"Formulaires"},"content":{"rendered":"<p><div class=\"fusion-fullwidth fullwidth-box fusion-builder-row-1 fusion-flex-container nonhundred-percent-fullwidth non-hundred-percent-height-scrolling\" style=\"--awb-border-radius-top-left:0px;--awb-border-radius-top-right:0px;--awb-border-radius-bottom-right:0px;--awb-border-radius-bottom-left:0px;--awb-padding-right:10%;--awb-padding-left:10%;--awb-flex-wrap:wrap;\" ><div class=\"fusion-builder-row fusion-row fusion-flex-align-items-flex-start fusion-flex-content-wrap\" style=\"max-width:1248px;margin-left: calc(-4% \/ 2 );margin-right: calc(-4% \/ 2 );\"><div class=\"fusion-layout-column fusion_builder_column fusion-builder-column-0 fusion_builder_column_1_1 1_1 fusion-flex-column\" style=\"--awb-bg-size:cover;--awb-width-large:100%;--awb-margin-top-large:10px;--awb-spacing-right-large:1.92%;--awb-margin-bottom-large:10px;--awb-spacing-left-large:1.92%;--awb-width-medium:100%;--awb-order-medium:0;--awb-spacing-right-medium:1.92%;--awb-spacing-left-medium:1.92%;--awb-width-small:100%;--awb-order-small:0;--awb-spacing-right-small:1.92%;--awb-spacing-left-small:1.92%;\"><div class=\"fusion-column-wrapper fusion-column-has-shadow fusion-flex-justify-content-flex-start fusion-content-layout-column\"><div class=\"fusion-text fusion-text-1\" style=\"--awb-text-transform:none;\"><div>\n<div>\n<h2>Facturation<\/h2>\n<\/div>\n<\/div>\n<\/div><ul style=\"--awb-size:16px;--awb-iconcolor:var(--awb-custom15);--awb-line-height:27.2px;--awb-icon-width:27.2px;--awb-icon-height:27.2px;--awb-icon-margin:11.2px;--awb-content-margin:38.4px;\" class=\"fusion-checklist fusion-checklist-1 fusion-checklist-default type-icons\"><li class=\"fusion-li-item\" style=\"\"><span class=\"icon-wrapper circle-no\"><i class=\"fusion-li-icon fa-angle-right fas\" aria-hidden=\"true\"><\/i><\/span><div class=\"fusion-li-item-content\">\n<p>Formulaire de soumission de factures (<a href=\"https:\/\/pcj-ccp.ca\/wp-content\/uploads\/2025\/02\/Formulaire-de-soumission-de-factures-jan-2025.pdf\">PDF<\/a>) ou (<a href=\"https:\/\/pcj-ccp.ca\/wp-content\/uploads\/2025\/02\/Formulaire-de-soumission-de-factures-jan-2025.xlsx\">Excel<\/a>)<\/p>\n<\/div><\/li><\/ul><\/div><\/div><\/div><\/div><div class=\"fusion-fullwidth fullwidth-box fusion-builder-row-2 fusion-flex-container nonhundred-percent-fullwidth non-hundred-percent-height-scrolling\" style=\"--awb-border-radius-top-left:0px;--awb-border-radius-top-right:0px;--awb-border-radius-bottom-right:0px;--awb-border-radius-bottom-left:0px;--awb-padding-right:10%;--awb-padding-left:10%;--awb-flex-wrap:wrap;\" ><div class=\"fusion-builder-row fusion-row fusion-flex-align-items-flex-start fusion-flex-content-wrap\" style=\"max-width:1248px;margin-left: calc(-4% \/ 2 );margin-right: calc(-4% \/ 2 );\"><div class=\"fusion-layout-column fusion_builder_column fusion-builder-column-1 fusion_builder_column_1_1 1_1 fusion-flex-column\" style=\"--awb-bg-size:cover;--awb-width-large:100%;--awb-margin-top-large:10px;--awb-spacing-right-large:1.92%;--awb-margin-bottom-large:10px;--awb-spacing-left-large:1.92%;--awb-width-medium:100%;--awb-order-medium:0;--awb-spacing-right-medium:1.92%;--awb-spacing-left-medium:1.92%;--awb-width-small:100%;--awb-order-small:0;--awb-spacing-right-small:1.92%;--awb-spacing-left-small:1.92%;\"><div class=\"fusion-column-wrapper fusion-column-has-shadow fusion-flex-justify-content-flex-start fusion-content-layout-column\"><div class=\"fusion-text fusion-text-2\" style=\"--awb-text-transform:none;\"><div>\n<div>\n<h2>Formulaires de rapport<\/h2>\n<\/div>\n<\/div>\n<\/div><div class=\"fusion-text fusion-text-3\" style=\"--awb-text-transform:none;--awb-margin-left:5%;\"><div>\n<div>\n<h4>\u00c9laboration de cause type<\/h4>\n<\/div>\n<\/div>\n<\/div><ul style=\"--awb-size:16px;--awb-item-padding-left:5%;--awb-iconcolor:var(--awb-custom15);--awb-line-height:27.2px;--awb-icon-width:27.2px;--awb-icon-height:27.2px;--awb-icon-margin:11.2px;--awb-content-margin:38.4px;\" class=\"fusion-checklist fusion-checklist-2 fusion-checklist-default type-icons\"><li class=\"fusion-li-item\" style=\"\"><span class=\"icon-wrapper circle-no\"><i class=\"fusion-li-icon fa-angle-right fas\" aria-hidden=\"true\"><\/i><\/span><div class=\"fusion-li-item-content\">\n<div>\n<div>\n<div>\n<div>Rapport final d\u2019activit\u00e9s (<a href=\"https:\/\/pcj-ccp.ca\/wp-content\/uploads\/2024\/07\/Rapport-final-Elaboration-de-causes-types.pdf\">PDF<\/a>) ou (<a href=\"https:\/\/pcj-ccp.ca\/wp-content\/uploads\/2024\/07\/Rapport-final-Elaboration-de-causes-types.docx\">Word<\/a>)<\/div>\n<\/div>\n<\/div>\n<\/div>\n<\/div><\/li><li class=\"fusion-li-item\" style=\"\"><span class=\"icon-wrapper circle-no\"><i class=\"fusion-li-icon fa-angle-right fas\" aria-hidden=\"true\"><\/i><\/span><div class=\"fusion-li-item-content\">\n<div>\n<div>\n<div>\n<div>Rapport financier final (<a href=\"https:\/\/pcj-ccp.ca\/wp-content\/uploads\/2024\/08\/PCJ.CPP-Rapport-financier-final-pour-une-elaboration-de-causes-types-juillet-2024.pdf\">PDF<\/a>) ou (<a href=\"https:\/\/pcj-ccp.ca\/wp-content\/uploads\/2024\/08\/PCJ.CPP-Rapport-financier-final-pour-une-elaboration-de-causes-types-juillet-2024.xlsx\">Excel<\/a>)<\/div>\n<\/div>\n<\/div>\n<\/div>\n<\/div><\/li><\/ul><div class=\"fusion-text fusion-text-4\" style=\"--awb-text-transform:none;--awb-margin-left:5%;\"><div>\n<div>\n<h4>Litige<\/h4>\n<\/div>\n<\/div>\n<\/div><ul style=\"--awb-size:16px;--awb-item-padding-left:5%;--awb-iconcolor:var(--awb-custom15);--awb-line-height:27.2px;--awb-icon-width:27.2px;--awb-icon-height:27.2px;--awb-icon-margin:11.2px;--awb-content-margin:38.4px;\" class=\"fusion-checklist fusion-checklist-3 fusion-checklist-default type-icons\"><li class=\"fusion-li-item\" style=\"\"><span class=\"icon-wrapper circle-no\"><i class=\"fusion-li-icon fa-angle-right fas\" aria-hidden=\"true\"><\/i><\/span><div class=\"fusion-li-item-content\">\n<div>\n<div>\n<div>\n<div>Rapport d\u2019\u00e9tape d\u2019activit\u00e9s (<a href=\"https:\/\/pcj-ccp.ca\/wp-content\/uploads\/2024\/05\/Rapport-dactivites-Litiges-et-interventions-PDF.pdf\">PDF<\/a>) ou (<a href=\"https:\/\/pcj-ccp.ca\/wp-content\/uploads\/2024\/05\/Rapport-dactivites-Litiges-et-interventions.docx\">Word<\/a>)<\/div>\n<\/div>\n<\/div>\n<\/div>\n<\/div><\/li><li class=\"fusion-li-item\" style=\"\"><span class=\"icon-wrapper circle-no\"><i class=\"fusion-li-icon fa-angle-right fas\" aria-hidden=\"true\"><\/i><\/span><div class=\"fusion-li-item-content\">\n<div>\n<div>\n<div>\n<div>Rapport final d\u2019activit\u00e9s (<a href=\"https:\/\/pcj-ccp.ca\/wp-content\/uploads\/2024\/05\/Rapport-dactivites-Litiges-et-interventions-PDF.pdf\">PDF<\/a>) ou (<a href=\"https:\/\/pcj-ccp.ca\/wp-content\/uploads\/2024\/05\/Rapport-dactivites-Litiges-et-interventions.docx\">Word<\/a>)<\/div>\n<\/div>\n<\/div>\n<\/div>\n<\/div><\/li><li class=\"fusion-li-item\" style=\"\"><span class=\"icon-wrapper circle-no\"><i class=\"fusion-li-icon fa-angle-right fas\" aria-hidden=\"true\"><\/i><\/span><div class=\"fusion-li-item-content\">\n<div>\n<div>\n<div>\n<div>Rapport financier final (<a href=\"https:\/\/pcj-ccp.ca\/wp-content\/uploads\/2024\/08\/PCJ.CCP-Rapport-financier-final-pour-un-litige-ou-une-intervention-juridique-juillet-2024.pdf\">PDF<\/a>) ou (<a href=\"https:\/\/pcj-ccp.ca\/wp-content\/uploads\/2024\/08\/PCJ.CCP-Rapport-financier-final-pour-un-litige-ou-une-intervention-juridique-juillet-2024.xlsx\">Excel<\/a>)<\/div>\n<\/div>\n<\/div>\n<\/div>\n<\/div><\/li><\/ul><div class=\"fusion-text fusion-text-5\" style=\"--awb-text-transform:none;--awb-margin-left:5%;\"><div>\n<div>\n<h4>Intervention juridique<\/h4>\n<\/div>\n<\/div>\n<\/div><ul style=\"--awb-size:16px;--awb-item-padding-left:5%;--awb-iconcolor:var(--awb-custom15);--awb-line-height:27.2px;--awb-icon-width:27.2px;--awb-icon-height:27.2px;--awb-icon-margin:11.2px;--awb-content-margin:38.4px;\" class=\"fusion-checklist fusion-checklist-4 fusion-checklist-default type-icons\"><li class=\"fusion-li-item\" style=\"\"><span class=\"icon-wrapper circle-no\"><i class=\"fusion-li-icon fa-angle-right fas\" aria-hidden=\"true\"><\/i><\/span><div class=\"fusion-li-item-content\">\n<div>\n<div>\n<div>\n<div>Rapport d\u2019\u00e9tape d\u2019activit\u00e9s (<a href=\"https:\/\/pcj-ccp.ca\/wp-content\/uploads\/2024\/05\/Rapport-dactivites-Litiges-et-interventions-PDF.pdf\">PDF<\/a>) ou (<a href=\"https:\/\/pcj-ccp.ca\/wp-content\/uploads\/2024\/05\/Rapport-dactivites-Litiges-et-interventions.docx\">Word<\/a>)<\/div>\n<\/div>\n<\/div>\n<\/div>\n<\/div><\/li><li class=\"fusion-li-item\" style=\"\"><span class=\"icon-wrapper circle-no\"><i class=\"fusion-li-icon fa-angle-right fas\" aria-hidden=\"true\"><\/i><\/span><div class=\"fusion-li-item-content\">\n<div>\n<div>\n<div>\n<div>Rapport final d\u2019activit\u00e9s (<a href=\"https:\/\/pcj-ccp.ca\/wp-content\/uploads\/2024\/05\/Rapport-dactivites-Litiges-et-interventions-PDF.pdf\">PDF<\/a>) ou (<a href=\"https:\/\/pcj-ccp.ca\/wp-content\/uploads\/2024\/05\/Rapport-dactivites-Litiges-et-interventions.docx\">Word<\/a>)<\/div>\n<\/div>\n<\/div>\n<\/div>\n<\/div><\/li><li class=\"fusion-li-item\" style=\"\"><span class=\"icon-wrapper circle-no\"><i class=\"fusion-li-icon fa-angle-right fas\" aria-hidden=\"true\"><\/i><\/span><div class=\"fusion-li-item-content\">\n<div>\n<div>\n<div>\n<div>Rapport financier final (<a href=\"https:\/\/pcj-ccp.ca\/wp-content\/uploads\/2024\/08\/PCJ.CCP-Rapport-financier-final-pour-un-litige-ou-une-intervention-juridique-juillet-2024.pdf\">PDF<\/a>) ou (<a href=\"https:\/\/pcj-ccp.ca\/wp-content\/uploads\/2024\/08\/PCJ.CCP-Rapport-financier-final-pour-un-litige-ou-une-intervention-juridique-juillet-2024.xlsx\">Excel<\/a>)<\/div>\n<\/div>\n<\/div>\n<\/div>\n<\/div><\/li><\/ul><\/div><\/div><\/div><\/div><div class=\"fusion-fullwidth fullwidth-box fusion-builder-row-3 fusion-flex-container nonhundred-percent-fullwidth non-hundred-percent-height-scrolling\" style=\"--awb-border-radius-top-left:0px;--awb-border-radius-top-right:0px;--awb-border-radius-bottom-right:0px;--awb-border-radius-bottom-left:0px;--awb-padding-right:10%;--awb-padding-left:10%;--awb-flex-wrap:wrap;\" ><div class=\"fusion-builder-row fusion-row fusion-flex-align-items-flex-start fusion-flex-content-wrap\" style=\"max-width:1248px;margin-left: calc(-4% \/ 2 );margin-right: calc(-4% \/ 2 );\"><div class=\"fusion-layout-column fusion_builder_column fusion-builder-column-2 fusion_builder_column_1_1 1_1 fusion-flex-column\" style=\"--awb-bg-size:cover;--awb-width-large:100%;--awb-margin-top-large:10px;--awb-spacing-right-large:1.92%;--awb-margin-bottom-large:10px;--awb-spacing-left-large:1.92%;--awb-width-medium:100%;--awb-order-medium:0;--awb-spacing-right-medium:1.92%;--awb-spacing-left-medium:1.92%;--awb-width-small:100%;--awb-order-small:0;--awb-spacing-right-small:1.92%;--awb-spacing-left-small:1.92%;\"><div class=\"fusion-column-wrapper fusion-column-has-shadow fusion-flex-justify-content-flex-start fusion-content-layout-column\"><div class=\"fusion-text fusion-text-6\" style=\"--awb-text-transform:none;\"><div>\n<div>\n<h2>Formulaires de demande de financement suppl\u00e9mentaire<\/h2>\n<\/div>\n<\/div>\n<\/div><ul style=\"--awb-size:16px;--awb-iconcolor:var(--awb-custom15);--awb-line-height:27.2px;--awb-icon-width:27.2px;--awb-icon-height:27.2px;--awb-icon-margin:11.2px;--awb-content-margin:38.4px;\" class=\"fusion-checklist fusion-checklist-5 fusion-checklist-default type-icons\"><li class=\"fusion-li-item\" style=\"\"><span class=\"icon-wrapper circle-no\"><i class=\"fusion-li-icon fa-angle-right fas\" aria-hidden=\"true\"><\/i><\/span><div class=\"fusion-li-item-content\">\n<p>Volet des droits de la personne (<a href=\"https:\/\/pcj-ccp.ca\/wp-content\/uploads\/2025\/07\/Formulaire-de-demande-Financement-Supplementaire-droits-de-la-personne_2025.pdf\">PDF<\/a>) ou (<a href=\"https:\/\/pcj-ccp.ca\/fr\/formulaire-de-demande-financement-supplementaire-droits-de-la-personne-3\/\">Word<\/a>)<\/p>\n<\/div><\/li><li class=\"fusion-li-item\" style=\"\"><span class=\"icon-wrapper circle-no\"><i class=\"fusion-li-icon fa-angle-right fas\" aria-hidden=\"true\"><\/i><\/span><div class=\"fusion-li-item-content\">\n<div>\n<div>\n<div>\n<div>Volet des droits en mati\u00e8re de langues officielles (<a href=\"https:\/\/pcj-ccp.ca\/wp-content\/uploads\/2026\/02\/Formulaire_demande_financement_supplementaire-Langues-officielles_2026.pdf\">PDF<\/a>) ou (<a href=\"https:\/\/pcj-ccp.ca\/wp-content\/uploads\/2026\/02\/Formulaire-de-demande-Financement-Supplementaire-Langues-officielles_2026.docx\">Word<\/a>)<\/div>\n<\/div>\n<\/div>\n<\/div>\n<\/div><\/li><\/ul><div class=\"fusion-separator fusion-full-width-sep\" style=\"align-self: center;margin-left: auto;margin-right: auto;margin-bottom:15px;width:100%;\"><\/div><div class=\"fusion-text fusion-text-7\" style=\"--awb-text-transform:none;\"><div>\n<div>\n<h2>Formulaires de demande de financement extraordinaire<\/h2>\n<\/div>\n<\/div>\n<\/div><ul style=\"--awb-size:16px;--awb-iconcolor:var(--awb-custom15);--awb-line-height:27.2px;--awb-icon-width:27.2px;--awb-icon-height:27.2px;--awb-icon-margin:11.2px;--awb-content-margin:38.4px;\" class=\"fusion-checklist fusion-checklist-6 fusion-checklist-default type-icons\"><li class=\"fusion-li-item\" style=\"\"><span class=\"icon-wrapper circle-no\"><i class=\"fusion-li-icon fa-angle-right fas\" aria-hidden=\"true\"><\/i><\/span><div class=\"fusion-li-item-content\">\n<div>Volet des droits de la personne (<a href=\"https:\/\/pcj-ccp.ca\/wp-content\/uploads\/2025\/07\/Formulaire-de-demande-Financement-Extraordinaire-Droits-de-la-personne_2025.pdf\">PDF<\/a>) ou (<a href=\"https:\/\/pcj-ccp.ca\/fr\/formulaire-de-demande-financement-extraordinaire-droits-de-la-personne-3\/\">Word<\/a>)<\/div>\n<\/div><\/li><li class=\"fusion-li-item\" style=\"\"><span class=\"icon-wrapper circle-no\"><i class=\"fusion-li-icon fa-angle-right fas\" aria-hidden=\"true\"><\/i><\/span><div class=\"fusion-li-item-content\">\n<div>\n<div>\n<div>\n<div>Volet des droits en mati\u00e8re de langues officielles (<a href=\"https:\/\/pcj-ccp.ca\/wp-content\/uploads\/2026\/02\/Formulaire-de-demande-Financement-Extraordinaire-Langues-officielles_2026.pdf\">PDF<\/a>) ou (<a href=\"https:\/\/pcj-ccp.ca\/wp-content\/uploads\/2026\/02\/Formulaire-de-demande-Financement-Extraordinaire-Langues-officielles_2026.docx\">Word<\/a>)<\/div>\n<\/div>\n<\/div>\n<\/div>\n<\/div><\/li><\/ul><\/div><\/div><\/div><\/div><\/p>\n","protected":false},"excerpt":{"rendered":"","protected":false},"author":3,"featured_media":0,"parent":0,"menu_order":0,"comment_status":"closed","ping_status":"closed","template":"","meta":{"footnotes":""},"class_list":["post-8669","page","type-page","status-publish","hentry"],"yoast_head":"<!-- This site is optimized with the Yoast SEO plugin v27.3 - https:\/\/yoast.com\/product\/yoast-seo-wordpress\/ -->\n<title>Formulaires - PCJ CCP<\/title>\n<meta name=\"description\" content=\"Formulaires pour rendre compte des activit\u00e9s des b\u00e9n\u00e9ficiaires, soumettre des factures ou une demande de financement compl\u00e9mentaire.\" \/>\n<meta name=\"robots\" content=\"index, follow, max-snippet:-1, max-image-preview:large, max-video-preview:-1\" \/>\n<link rel=\"canonical\" href=\"https:\/\/pcj-ccp.ca\/fr\/formulaires\/\" \/>\n<meta property=\"og:locale\" content=\"fr_FR\" \/>\n<meta property=\"og:type\" content=\"article\" \/>\n<meta property=\"og:title\" content=\"Formulaires - PCJ CCP\" \/>\n<meta property=\"og:description\" content=\"Formulaires pour rendre compte des activit\u00e9s des b\u00e9n\u00e9ficiaires, soumettre des factures ou une demande de financement compl\u00e9mentaire.\" \/>\n<meta property=\"og:url\" content=\"https:\/\/pcj-ccp.ca\/fr\/formulaires\/\" \/>\n<meta property=\"og:site_name\" content=\"PCJ CCP\" \/>\n<meta property=\"article:modified_time\" content=\"2026-02-18T19:33:13+00:00\" \/>\n<meta name=\"twitter:card\" content=\"summary_large_image\" \/>\n<meta name=\"twitter:label1\" content=\"Dur\u00e9e de lecture estim\u00e9e\" \/>\n\t<meta name=\"twitter:data1\" content=\"1 minute\" \/>\n<script type=\"application\/ld+json\" class=\"yoast-schema-graph\">{\"@context\":\"https:\\\/\\\/schema.org\",\"@graph\":[{\"@type\":\"WebPage\",\"@id\":\"https:\\\/\\\/pcj-ccp.ca\\\/fr\\\/formulaires\\\/\",\"url\":\"https:\\\/\\\/pcj-ccp.ca\\\/fr\\\/formulaires\\\/\",\"name\":\"Formulaires - PCJ CCP\",\"isPartOf\":{\"@id\":\"https:\\\/\\\/pcj-ccp.ca\\\/#website\"},\"datePublished\":\"2025-05-28T15:41:00+00:00\",\"dateModified\":\"2026-02-18T19:33:13+00:00\",\"description\":\"Formulaires pour rendre compte des activit\u00e9s des b\u00e9n\u00e9ficiaires, soumettre des factures ou une demande de financement compl\u00e9mentaire.\",\"breadcrumb\":{\"@id\":\"https:\\\/\\\/pcj-ccp.ca\\\/fr\\\/formulaires\\\/#breadcrumb\"},\"inLanguage\":\"fr-FR\",\"potentialAction\":[{\"@type\":\"ReadAction\",\"target\":[\"https:\\\/\\\/pcj-ccp.ca\\\/fr\\\/formulaires\\\/\"]}]},{\"@type\":\"BreadcrumbList\",\"@id\":\"https:\\\/\\\/pcj-ccp.ca\\\/fr\\\/formulaires\\\/#breadcrumb\",\"itemListElement\":[{\"@type\":\"ListItem\",\"position\":1,\"name\":\"Home\",\"item\":\"https:\\\/\\\/pcj-ccp.ca\\\/fr\\\/\"},{\"@type\":\"ListItem\",\"position\":2,\"name\":\"Formulaires\"}]},{\"@type\":\"WebSite\",\"@id\":\"https:\\\/\\\/pcj-ccp.ca\\\/#website\",\"url\":\"https:\\\/\\\/pcj-ccp.ca\\\/\",\"name\":\"PCJ CCP\",\"description\":\"\",\"potentialAction\":[{\"@type\":\"SearchAction\",\"target\":{\"@type\":\"EntryPoint\",\"urlTemplate\":\"https:\\\/\\\/pcj-ccp.ca\\\/?s={search_term_string}\"},\"query-input\":{\"@type\":\"PropertyValueSpecification\",\"valueRequired\":true,\"valueName\":\"search_term_string\"}}],\"inLanguage\":\"fr-FR\"}]}<\/script>\n<!-- \/ Yoast SEO plugin. -->","yoast_head_json":{"title":"Formulaires - PCJ CCP","description":"Formulaires pour rendre compte des activit\u00e9s des b\u00e9n\u00e9ficiaires, soumettre des factures ou une demande de financement compl\u00e9mentaire.","robots":{"index":"index","follow":"follow","max-snippet":"max-snippet:-1","max-image-preview":"max-image-preview:large","max-video-preview":"max-video-preview:-1"},"canonical":"https:\/\/pcj-ccp.ca\/fr\/formulaires\/","og_locale":"fr_FR","og_type":"article","og_title":"Formulaires - PCJ CCP","og_description":"Formulaires pour rendre compte des activit\u00e9s des b\u00e9n\u00e9ficiaires, soumettre des factures ou une demande de financement compl\u00e9mentaire.","og_url":"https:\/\/pcj-ccp.ca\/fr\/formulaires\/","og_site_name":"PCJ CCP","article_modified_time":"2026-02-18T19:33:13+00:00","twitter_card":"summary_large_image","twitter_misc":{"Dur\u00e9e de lecture estim\u00e9e":"1 minute"},"schema":{"@context":"https:\/\/schema.org","@graph":[{"@type":"WebPage","@id":"https:\/\/pcj-ccp.ca\/fr\/formulaires\/","url":"https:\/\/pcj-ccp.ca\/fr\/formulaires\/","name":"Formulaires - PCJ CCP","isPartOf":{"@id":"https:\/\/pcj-ccp.ca\/#website"},"datePublished":"2025-05-28T15:41:00+00:00","dateModified":"2026-02-18T19:33:13+00:00","description":"Formulaires pour rendre compte des activit\u00e9s des b\u00e9n\u00e9ficiaires, soumettre des factures ou une demande de financement compl\u00e9mentaire.","breadcrumb":{"@id":"https:\/\/pcj-ccp.ca\/fr\/formulaires\/#breadcrumb"},"inLanguage":"fr-FR","potentialAction":[{"@type":"ReadAction","target":["https:\/\/pcj-ccp.ca\/fr\/formulaires\/"]}]},{"@type":"BreadcrumbList","@id":"https:\/\/pcj-ccp.ca\/fr\/formulaires\/#breadcrumb","itemListElement":[{"@type":"ListItem","position":1,"name":"Home","item":"https:\/\/pcj-ccp.ca\/fr\/"},{"@type":"ListItem","position":2,"name":"Formulaires"}]},{"@type":"WebSite","@id":"https:\/\/pcj-ccp.ca\/#website","url":"https:\/\/pcj-ccp.ca\/","name":"PCJ CCP","description":"","potentialAction":[{"@type":"SearchAction","target":{"@type":"EntryPoint","urlTemplate":"https:\/\/pcj-ccp.ca\/?s={search_term_string}"},"query-input":{"@type":"PropertyValueSpecification","valueRequired":true,"valueName":"search_term_string"}}],"inLanguage":"fr-FR"}]}},"_links":{"self":[{"href":"https:\/\/pcj-ccp.ca\/fr\/wp-json\/wp\/v2\/pages\/8669","targetHints":{"allow":["GET"]}}],"collection":[{"href":"https:\/\/pcj-ccp.ca\/fr\/wp-json\/wp\/v2\/pages"}],"about":[{"href":"https:\/\/pcj-ccp.ca\/fr\/wp-json\/wp\/v2\/types\/page"}],"author":[{"embeddable":true,"href":"https:\/\/pcj-ccp.ca\/fr\/wp-json\/wp\/v2\/users\/3"}],"replies":[{"embeddable":true,"href":"https:\/\/pcj-ccp.ca\/fr\/wp-json\/wp\/v2\/comments?post=8669"}],"version-history":[{"count":6,"href":"https:\/\/pcj-ccp.ca\/fr\/wp-json\/wp\/v2\/pages\/8669\/revisions"}],"predecessor-version":[{"id":10618,"href":"https:\/\/pcj-ccp.ca\/fr\/wp-json\/wp\/v2\/pages\/8669\/revisions\/10618"}],"wp:attachment":[{"href":"https:\/\/pcj-ccp.ca\/fr\/wp-json\/wp\/v2\/media?parent=8669"}],"curies":[{"name":"wp","href":"https:\/\/api.w.org\/{rel}","templated":true}]}}