{"id":8688,"date":"2025-05-28T12:16:51","date_gmt":"2025-05-28T16:16:51","guid":{"rendered":"https:\/\/pcj-ccp.ca\/?page_id=8688"},"modified":"2025-11-03T12:07:55","modified_gmt":"2025-11-03T17:07:55","slug":"qui-nous-sommes","status":"publish","type":"page","link":"https:\/\/pcj-ccp.ca\/fr\/qui-nous-sommes\/","title":{"rendered":"Qui nous sommes"},"content":{"rendered":"<p><div class=\"fusion-fullwidth fullwidth-box fusion-builder-row-1 fusion-flex-container nonhundred-percent-fullwidth non-hundred-percent-height-scrolling\" style=\"--awb-border-radius-top-left:0px;--awb-border-radius-top-right:0px;--awb-border-radius-bottom-right:0px;--awb-border-radius-bottom-left:0px;--awb-padding-right:10%;--awb-padding-left:10%;--awb-flex-wrap:wrap;\" ><div class=\"fusion-builder-row fusion-row fusion-flex-align-items-flex-start fusion-flex-content-wrap\" style=\"max-width:1248px;margin-left: calc(-4% \/ 2 );margin-right: calc(-4% \/ 2 );\"><div class=\"fusion-layout-column fusion_builder_column fusion-builder-column-0 fusion_builder_column_1_2 1_2 fusion-flex-column\" style=\"--awb-padding-right:5%;--awb-padding-left:5%;--awb-bg-size:cover;--awb-width-large:50%;--awb-margin-top-large:10px;--awb-spacing-right-large:3.84%;--awb-margin-bottom-large:10px;--awb-spacing-left-large:3.84%;--awb-width-medium:50%;--awb-order-medium:0;--awb-spacing-right-medium:3.84%;--awb-spacing-left-medium:3.84%;--awb-width-small:100%;--awb-order-small:0;--awb-spacing-right-small:1.92%;--awb-spacing-left-small:1.92%;\"><div class=\"fusion-column-wrapper fusion-column-has-shadow fusion-flex-justify-content-flex-start fusion-content-layout-column\"><div class=\"fusion-text fusion-text-1\" style=\"--awb-text-transform:none;\"><div>Le Programme de contestation judiciaire (PCJ) est une organisation ind\u00e9pendante enti\u00e8rement financ\u00e9e par le gouvernement du Canada et administr\u00e9e par l&rsquo;Universit\u00e9 d&rsquo;Ottawa. Le PCJ offre du financement aux personnes et aux organismes \u00e0 but non lucratif qui souhaitent intenter des poursuites ou intervenir dans des causes types d&rsquo;importance nationale ayant le potentiel de clarifier et de faire progresser les droits constitutionnels et quasi constitutionnels en mati\u00e8re de langues officielles et les droits de la personne garantis par la<em> Charte<\/em>.<\/div>\n<\/div><\/div><\/div><div class=\"fusion-layout-column fusion_builder_column fusion-builder-column-1 fusion_builder_column_1_2 1_2 fusion-flex-column\" style=\"--awb-padding-right:5%;--awb-padding-left:5%;--awb-bg-size:cover;--awb-width-large:50%;--awb-margin-top-large:10px;--awb-spacing-right-large:3.84%;--awb-margin-bottom-large:10px;--awb-spacing-left-large:3.84%;--awb-width-medium:50%;--awb-order-medium:0;--awb-spacing-right-medium:3.84%;--awb-spacing-left-medium:3.84%;--awb-width-small:100%;--awb-order-small:0;--awb-spacing-right-small:1.92%;--awb-spacing-left-small:1.92%;\"><div class=\"fusion-column-wrapper fusion-column-has-shadow fusion-flex-justify-content-flex-start fusion-content-layout-column\"><div class=\"fusion-text fusion-text-2\" style=\"--awb-text-transform:none;\"><p>Les d\u00e9cisions relatives au financement sont prises par des <a href=\"https:\/\/pcj-ccp.ca\/fr\/comites-dexperts\/\">Comit\u00e9s d&rsquo;experts<\/a> ind\u00e9pendants. Ces d\u00e9cisions sont ensuite mises en \u0153uvre par le <a href=\"https:\/\/pcj-ccp.ca\/fr\/equipe-du-pcj\/\">personnel du PCJ<\/a>. Un <a href=\"https:\/\/pcj-ccp.ca\/fr\/comite-de-gestion\/\">Comit\u00e9 de gestion<\/a> nomm\u00e9 par l&rsquo;Universit\u00e9 d&rsquo;Ottawa veille \u00e0 la bonne administration du PCJ conform\u00e9ment aux dispositions de l&rsquo;Accord de contribution.<\/p>\n<\/div><\/div><\/div><\/div><\/div><div class=\"fusion-fullwidth fullwidth-box fusion-builder-row-2 fusion-flex-container nonhundred-percent-fullwidth non-hundred-percent-height-scrolling\" style=\"--awb-border-radius-top-left:0px;--awb-border-radius-top-right:0px;--awb-border-radius-bottom-right:0px;--awb-border-radius-bottom-left:0px;--awb-padding-right:10%;--awb-padding-left:10%;--awb-flex-wrap:wrap;\" ><div class=\"fusion-builder-row fusion-row fusion-flex-align-items-flex-start fusion-flex-content-wrap\" style=\"max-width:1248px;margin-left: calc(-4% \/ 2 );margin-right: calc(-4% \/ 2 );\"><div class=\"fusion-layout-column fusion_builder_column fusion-builder-column-2 fusion_builder_column_1_1 1_1 fusion-flex-column\" style=\"--awb-bg-size:cover;--awb-width-large:100%;--awb-margin-top-large:10px;--awb-spacing-right-large:1.92%;--awb-margin-bottom-large:10px;--awb-spacing-left-large:1.92%;--awb-width-medium:100%;--awb-order-medium:0;--awb-spacing-right-medium:1.92%;--awb-spacing-left-medium:1.92%;--awb-width-small:100%;--awb-order-small:0;--awb-spacing-right-small:1.92%;--awb-spacing-left-small:1.92%;\"><div class=\"fusion-column-wrapper fusion-column-has-shadow fusion-flex-justify-content-flex-start fusion-content-layout-column\"><div class=\"fusion-image-element \" style=\"text-align:center;--awb-margin-top:69px;--awb-margin-bottom:59px;--awb-caption-title-font-family:var(--h2_typography-font-family);--awb-caption-title-font-weight:var(--h2_typography-font-weight);--awb-caption-title-font-style:var(--h2_typography-font-style);--awb-caption-title-size:var(--h2_typography-font-size);--awb-caption-title-transform:var(--h2_typography-text-transform);--awb-caption-title-line-height:var(--h2_typography-line-height);--awb-caption-title-letter-spacing:var(--h2_typography-letter-spacing);\"><span class=\" fusion-imageframe imageframe-none imageframe-1 hover-type-none\"><img decoding=\"async\" width=\"700\" height=\"85\" title=\"footer-logos\" src=\"https:\/\/pcj-ccp.ca\/wp-content\/uploads\/2018\/10\/footer-logos.jpg\" alt class=\"img-responsive wp-image-8755\" srcset=\"https:\/\/pcj-ccp.ca\/wp-content\/uploads\/2018\/10\/footer-logos-200x24.jpg 200w, https:\/\/pcj-ccp.ca\/wp-content\/uploads\/2018\/10\/footer-logos-400x49.jpg 400w, https:\/\/pcj-ccp.ca\/wp-content\/uploads\/2018\/10\/footer-logos-600x73.jpg 600w, https:\/\/pcj-ccp.ca\/wp-content\/uploads\/2018\/10\/footer-logos.jpg 700w\" sizes=\"(max-width: 640px) 100vw, 700px\" \/><\/span><\/div><\/div><\/div><\/div><\/div><div class=\"fusion-fullwidth fullwidth-box fusion-builder-row-3 fusion-flex-container nonhundred-percent-fullwidth non-hundred-percent-height-scrolling\" style=\"--awb-border-radius-top-left:0px;--awb-border-radius-top-right:0px;--awb-border-radius-bottom-right:0px;--awb-border-radius-bottom-left:0px;--awb-padding-right:10%;--awb-padding-left:10%;--awb-flex-wrap:wrap;\" ><div class=\"fusion-builder-row fusion-row fusion-flex-align-items-flex-start fusion-flex-content-wrap\" style=\"max-width:1248px;margin-left: calc(-4% \/ 2 );margin-right: calc(-4% \/ 2 );\"><div class=\"fusion-layout-column fusion_builder_column fusion-builder-column-3 fusion_builder_column_1_3 1_3 fusion-flex-column\" style=\"--awb-bg-image:url(&#039;https:\/\/pcj-ccp.ca\/wp-content\/uploads\/2018\/10\/pcj_ccp_background-1-1200x360.jpg&#039;);--awb-bg-position:right top;--awb-bg-size:cover;--awb-width-large:33.333333333333%;--awb-margin-top-large:10px;--awb-spacing-right-large:5.76%;--awb-margin-bottom-large:0px;--awb-spacing-left-large:5.76%;--awb-width-medium:33.333333333333%;--awb-order-medium:0;--awb-spacing-right-medium:5.76%;--awb-spacing-left-medium:5.76%;--awb-width-small:100%;--awb-order-small:0;--awb-spacing-right-small:1.92%;--awb-spacing-left-small:1.92%;\"><div class=\"fusion-column-wrapper fusion-column-has-shadow fusion-flex-justify-content-flex-start fusion-content-layout-column fusion-column-has-bg-image\" data-bg-url=\"https:\/\/pcj-ccp.ca\/wp-content\/uploads\/2018\/10\/pcj_ccp_background-1-1200x360.jpg\"><div style=\"text-align:center;\"><a class=\"fusion-button button-flat button-medium button-custom fusion-button-default button-1 fusion-button-default-span fusion-button-default-type\" style=\"--button_accent_color:var(--awb-color1);--button_accent_hover_color:var(--awb-color1);--button_border_hover_color:var(--awb-color1);--button_gradient_top_color:#be1e2d;--button_gradient_bottom_color:#be1e2d;--button_gradient_top_color_hover:#444d62;--button_gradient_bottom_color_hover:#444d62;--button_text_transform:uppercase;--button_margin-top:10%;--button_margin-right:10%;--button_margin-bottom:10%;--button_margin-left:10%;width:calc(100% - 10% - 10%);\" target=\"_self\" href=\"https:\/\/pcj-ccp.ca\/fr\/comites-dexperts\/\"><span class=\"fusion-button-text awb-button__text awb-button__text--default\">Les Comit\u00e9s d&rsquo;experts<\/span><\/a><\/div><\/div><\/div><div class=\"fusion-layout-column fusion_builder_column fusion-builder-column-4 fusion_builder_column_1_3 1_3 fusion-flex-column\" style=\"--awb-bg-image:url(&#039;https:\/\/pcj-ccp.ca\/wp-content\/uploads\/2018\/10\/pcj_ccp_background-1-1200x360.jpg&#039;);--awb-bg-position:right top;--awb-bg-size:cover;--awb-width-large:33.333333333333%;--awb-margin-top-large:10px;--awb-spacing-right-large:5.76%;--awb-margin-bottom-large:10px;--awb-spacing-left-large:5.76%;--awb-width-medium:33.333333333333%;--awb-order-medium:0;--awb-spacing-right-medium:5.76%;--awb-spacing-left-medium:5.76%;--awb-width-small:100%;--awb-order-small:0;--awb-spacing-right-small:1.92%;--awb-spacing-left-small:1.92%;\"><div class=\"fusion-column-wrapper fusion-column-has-shadow fusion-flex-justify-content-flex-start fusion-content-layout-column fusion-column-has-bg-image\" data-bg-url=\"https:\/\/pcj-ccp.ca\/wp-content\/uploads\/2018\/10\/pcj_ccp_background-1-1200x360.jpg\"><div style=\"text-align:center;\"><a class=\"fusion-button button-flat button-medium button-custom fusion-button-default button-2 fusion-button-default-span fusion-button-default-type\" style=\"--button_accent_color:var(--awb-color1);--button_accent_hover_color:var(--awb-color1);--button_border_hover_color:var(--awb-color1);--button_gradient_top_color:#be1e2d;--button_gradient_bottom_color:#be1e2d;--button_gradient_top_color_hover:#444d62;--button_gradient_bottom_color_hover:#444d62;--button_text_transform:uppercase;--button_margin-top:10%;--button_margin-right:10%;--button_margin-bottom:10%;--button_margin-left:10%;width:calc(100% - 10% - 10%);\" target=\"_self\" href=\"https:\/\/pcj-ccp.ca\/fr\/equipe-du-pcj\/\"><span class=\"fusion-button-text awb-button__text awb-button__text--default\">L&rsquo;\u00e9quipe du PCJ<\/span><\/a><\/div><\/div><\/div><div class=\"fusion-layout-column fusion_builder_column fusion-builder-column-5 fusion_builder_column_1_3 1_3 fusion-flex-column\" style=\"--awb-bg-image:url(&#039;https:\/\/pcj-ccp.ca\/wp-content\/uploads\/2018\/10\/pcj_ccp_background-1-1200x360.jpg&#039;);--awb-bg-position:right top;--awb-bg-size:cover;--awb-width-large:33.333333333333%;--awb-margin-top-large:10px;--awb-spacing-right-large:5.76%;--awb-margin-bottom-large:10px;--awb-spacing-left-large:5.76%;--awb-width-medium:33.333333333333%;--awb-order-medium:0;--awb-spacing-right-medium:5.76%;--awb-spacing-left-medium:5.76%;--awb-width-small:100%;--awb-order-small:0;--awb-spacing-right-small:1.92%;--awb-spacing-left-small:1.92%;\"><div class=\"fusion-column-wrapper fusion-column-has-shadow fusion-flex-justify-content-flex-start fusion-content-layout-column fusion-column-has-bg-image\" data-bg-url=\"https:\/\/pcj-ccp.ca\/wp-content\/uploads\/2018\/10\/pcj_ccp_background-1-1200x360.jpg\"><div style=\"text-align:center;\"><a class=\"fusion-button button-flat button-medium button-custom fusion-button-default button-3 fusion-button-default-span fusion-button-default-type\" style=\"--button_accent_color:var(--awb-color1);--button_accent_hover_color:var(--awb-color1);--button_border_hover_color:var(--awb-color1);--button_gradient_top_color:#be1e2d;--button_gradient_bottom_color:#be1e2d;--button_gradient_top_color_hover:#444d62;--button_gradient_bottom_color_hover:#444d62;--button_text_transform:uppercase;--button_margin-top:10%;--button_margin-right:10%;--button_margin-bottom:10%;--button_margin-left:10%;width:calc(100% - 10% - 10%);\" target=\"_self\" href=\"https:\/\/pcj-ccp.ca\/fr\/comite-de-gestion\/\"><span class=\"fusion-button-text awb-button__text awb-button__text--default\">Le Comit\u00e9 de gestion<\/span><\/a><\/div><\/div><\/div><\/div><\/div><\/p>\n","protected":false},"excerpt":{"rendered":"","protected":false},"author":3,"featured_media":0,"parent":0,"menu_order":0,"comment_status":"closed","ping_status":"closed","template":"","meta":{"footnotes":""},"class_list":["post-8688","page","type-page","status-publish","hentry"],"yoast_head":"<!-- This site is optimized with the Yoast SEO plugin v27.3 - https:\/\/yoast.com\/product\/yoast-seo-wordpress\/ -->\n<title>Qui nous sommes - PCJ CCP<\/title>\n<meta name=\"description\" content=\"Le Programme de contestation judiciaire offre du financement pour des causes types d&#039;importance nationale.\" \/>\n<meta name=\"robots\" content=\"index, follow, max-snippet:-1, max-image-preview:large, max-video-preview:-1\" \/>\n<link rel=\"canonical\" href=\"https:\/\/pcj-ccp.ca\/fr\/qui-nous-sommes\/\" \/>\n<meta property=\"og:locale\" content=\"fr_FR\" \/>\n<meta property=\"og:type\" content=\"article\" \/>\n<meta property=\"og:title\" content=\"Qui nous sommes - PCJ CCP\" \/>\n<meta property=\"og:description\" content=\"Le Programme de contestation judiciaire offre du financement pour des causes types d&#039;importance nationale.\" \/>\n<meta property=\"og:url\" content=\"https:\/\/pcj-ccp.ca\/fr\/qui-nous-sommes\/\" \/>\n<meta property=\"og:site_name\" content=\"PCJ CCP\" \/>\n<meta property=\"article:modified_time\" content=\"2025-11-03T17:07:55+00:00\" \/>\n<meta name=\"twitter:card\" content=\"summary_large_image\" \/>\n<meta name=\"twitter:label1\" content=\"Dur\u00e9e de lecture estim\u00e9e\" \/>\n\t<meta name=\"twitter:data1\" content=\"1 minute\" \/>\n<script type=\"application\/ld+json\" class=\"yoast-schema-graph\">{\"@context\":\"https:\\\/\\\/schema.org\",\"@graph\":[{\"@type\":\"WebPage\",\"@id\":\"https:\\\/\\\/pcj-ccp.ca\\\/fr\\\/qui-nous-sommes\\\/\",\"url\":\"https:\\\/\\\/pcj-ccp.ca\\\/fr\\\/qui-nous-sommes\\\/\",\"name\":\"Qui nous sommes - PCJ CCP\",\"isPartOf\":{\"@id\":\"https:\\\/\\\/pcj-ccp.ca\\\/#website\"},\"datePublished\":\"2025-05-28T16:16:51+00:00\",\"dateModified\":\"2025-11-03T17:07:55+00:00\",\"description\":\"Le Programme de contestation judiciaire offre du financement pour des causes types d'importance nationale.\",\"breadcrumb\":{\"@id\":\"https:\\\/\\\/pcj-ccp.ca\\\/fr\\\/qui-nous-sommes\\\/#breadcrumb\"},\"inLanguage\":\"fr-FR\",\"potentialAction\":[{\"@type\":\"ReadAction\",\"target\":[\"https:\\\/\\\/pcj-ccp.ca\\\/fr\\\/qui-nous-sommes\\\/\"]}]},{\"@type\":\"BreadcrumbList\",\"@id\":\"https:\\\/\\\/pcj-ccp.ca\\\/fr\\\/qui-nous-sommes\\\/#breadcrumb\",\"itemListElement\":[{\"@type\":\"ListItem\",\"position\":1,\"name\":\"Home\",\"item\":\"https:\\\/\\\/pcj-ccp.ca\\\/fr\\\/\"},{\"@type\":\"ListItem\",\"position\":2,\"name\":\"Qui nous sommes\"}]},{\"@type\":\"WebSite\",\"@id\":\"https:\\\/\\\/pcj-ccp.ca\\\/#website\",\"url\":\"https:\\\/\\\/pcj-ccp.ca\\\/\",\"name\":\"PCJ CCP\",\"description\":\"\",\"potentialAction\":[{\"@type\":\"SearchAction\",\"target\":{\"@type\":\"EntryPoint\",\"urlTemplate\":\"https:\\\/\\\/pcj-ccp.ca\\\/?s={search_term_string}\"},\"query-input\":{\"@type\":\"PropertyValueSpecification\",\"valueRequired\":true,\"valueName\":\"search_term_string\"}}],\"inLanguage\":\"fr-FR\"}]}<\/script>\n<!-- \/ Yoast SEO plugin. -->","yoast_head_json":{"title":"Qui nous sommes - PCJ CCP","description":"Le Programme de contestation judiciaire offre du financement pour des causes types d'importance nationale.","robots":{"index":"index","follow":"follow","max-snippet":"max-snippet:-1","max-image-preview":"max-image-preview:large","max-video-preview":"max-video-preview:-1"},"canonical":"https:\/\/pcj-ccp.ca\/fr\/qui-nous-sommes\/","og_locale":"fr_FR","og_type":"article","og_title":"Qui nous sommes - PCJ CCP","og_description":"Le Programme de contestation judiciaire offre du financement pour des causes types d'importance nationale.","og_url":"https:\/\/pcj-ccp.ca\/fr\/qui-nous-sommes\/","og_site_name":"PCJ CCP","article_modified_time":"2025-11-03T17:07:55+00:00","twitter_card":"summary_large_image","twitter_misc":{"Dur\u00e9e de lecture estim\u00e9e":"1 minute"},"schema":{"@context":"https:\/\/schema.org","@graph":[{"@type":"WebPage","@id":"https:\/\/pcj-ccp.ca\/fr\/qui-nous-sommes\/","url":"https:\/\/pcj-ccp.ca\/fr\/qui-nous-sommes\/","name":"Qui nous sommes - PCJ CCP","isPartOf":{"@id":"https:\/\/pcj-ccp.ca\/#website"},"datePublished":"2025-05-28T16:16:51+00:00","dateModified":"2025-11-03T17:07:55+00:00","description":"Le Programme de contestation judiciaire offre du financement pour des causes types d'importance nationale.","breadcrumb":{"@id":"https:\/\/pcj-ccp.ca\/fr\/qui-nous-sommes\/#breadcrumb"},"inLanguage":"fr-FR","potentialAction":[{"@type":"ReadAction","target":["https:\/\/pcj-ccp.ca\/fr\/qui-nous-sommes\/"]}]},{"@type":"BreadcrumbList","@id":"https:\/\/pcj-ccp.ca\/fr\/qui-nous-sommes\/#breadcrumb","itemListElement":[{"@type":"ListItem","position":1,"name":"Home","item":"https:\/\/pcj-ccp.ca\/fr\/"},{"@type":"ListItem","position":2,"name":"Qui nous sommes"}]},{"@type":"WebSite","@id":"https:\/\/pcj-ccp.ca\/#website","url":"https:\/\/pcj-ccp.ca\/","name":"PCJ CCP","description":"","potentialAction":[{"@type":"SearchAction","target":{"@type":"EntryPoint","urlTemplate":"https:\/\/pcj-ccp.ca\/?s={search_term_string}"},"query-input":{"@type":"PropertyValueSpecification","valueRequired":true,"valueName":"search_term_string"}}],"inLanguage":"fr-FR"}]}},"_links":{"self":[{"href":"https:\/\/pcj-ccp.ca\/fr\/wp-json\/wp\/v2\/pages\/8688","targetHints":{"allow":["GET"]}}],"collection":[{"href":"https:\/\/pcj-ccp.ca\/fr\/wp-json\/wp\/v2\/pages"}],"about":[{"href":"https:\/\/pcj-ccp.ca\/fr\/wp-json\/wp\/v2\/types\/page"}],"author":[{"embeddable":true,"href":"https:\/\/pcj-ccp.ca\/fr\/wp-json\/wp\/v2\/users\/3"}],"replies":[{"embeddable":true,"href":"https:\/\/pcj-ccp.ca\/fr\/wp-json\/wp\/v2\/comments?post=8688"}],"version-history":[{"count":8,"href":"https:\/\/pcj-ccp.ca\/fr\/wp-json\/wp\/v2\/pages\/8688\/revisions"}],"predecessor-version":[{"id":10384,"href":"https:\/\/pcj-ccp.ca\/fr\/wp-json\/wp\/v2\/pages\/8688\/revisions\/10384"}],"wp:attachment":[{"href":"https:\/\/pcj-ccp.ca\/fr\/wp-json\/wp\/v2\/media?parent=8688"}],"curies":[{"name":"wp","href":"https:\/\/api.w.org\/{rel}","templated":true}]}}