{"id":9871,"date":"2025-06-22T15:39:56","date_gmt":"2025-06-22T19:39:56","guid":{"rendered":"https:\/\/pcj-ccp.ca\/accueil-2\/"},"modified":"2026-04-10T09:46:36","modified_gmt":"2026-04-10T13:46:36","slug":"accueil","status":"publish","type":"page","link":"https:\/\/pcj-ccp.ca\/fr\/","title":{"rendered":"Accueil"},"content":{"rendered":"<p><div class=\"fusion-fullwidth fullwidth-box fusion-builder-row-1 fusion-flex-container has-pattern-background has-mask-background nonhundred-percent-fullwidth non-hundred-percent-height-scrolling\" style=\"--link_hover_color: var(--awb-color1);--link_color: var(--awb-color6);--awb-border-radius-top-left:0px;--awb-border-radius-top-right:0px;--awb-border-radius-bottom-right:0px;--awb-border-radius-bottom-left:0px;--awb-padding-top:3%;--awb-padding-right:6%;--awb-padding-bottom:3%;--awb-padding-left:6%;--awb-margin-bottom:0px;--awb-background-color:rgba(255,255,255,0);--awb-flex-wrap:wrap;\" ><div class=\"fusion-builder-row fusion-row fusion-flex-align-items-flex-start fusion-flex-content-wrap\" style=\"max-width:1248px;margin-left: calc(-4% \/ 2 );margin-right: calc(-4% \/ 2 );\"><div class=\"fusion-layout-column fusion_builder_column fusion-builder-column-0 fusion_builder_column_1_2 1_2 fusion-flex-column\" style=\"--awb-bg-size:cover;--awb-width-large:50%;--awb-margin-top-large:0px;--awb-spacing-right-large:0%;--awb-margin-bottom-large:10px;--awb-spacing-left-large:0.384%;--awb-width-medium:50%;--awb-order-medium:0;--awb-spacing-right-medium:0%;--awb-spacing-left-medium:0.384%;--awb-width-small:100%;--awb-order-small:0;--awb-spacing-right-small:1.92%;--awb-spacing-left-small:1.92%;\" data-scroll-devices=\"small-visibility,medium-visibility,large-visibility\"><div class=\"fusion-column-wrapper fusion-column-has-shadow fusion-flex-justify-content-flex-start fusion-content-layout-column\"><div class=\"fusion-text fusion-text-1 fusion-text-no-margin\" style=\"--awb-content-alignment:left;--awb-text-transform:none;--awb-margin-top:10px;--awb-margin-right:10PX;--awb-margin-bottom:10PX;--awb-margin-left:10PX;\"><h1>Soutenir la progression des droits constitutionnels au Canada<\/h1>\n<p>Le Programme de contestation judiciaire (PCJ) offre du financement pour des causes types d\u2019importance nationale relatives aux droits constitutionnels de la personne (droits garantis par la <em>Charte<\/em>) et aux droits en mati\u00e8re de langues officielles afin de soutenir la clarification et la progression de ces droits par l\u2019entremise des tribunaux. Financ\u00e9 par le gouvernement du Canada, le PCJ est un organisme ind\u00e9pendant qui, par le biais de deux Comit\u00e9s d\u2019experts, s\u00e9lectionne les causes \u00e0 financer parmi les demandes soumises et veille \u00e0 ce que les fonds soient utilis\u00e9s pour faire progresser les droits de la personne et les droits en mati\u00e8re de langues officielles, et ce, dans l\u2019int\u00e9r\u00eat de l\u2019ensemble des Canadiens et Canadiennes.<\/p>\n<\/div><div ><a class=\"fusion-button button-flat fusion-button-default-size button-custom fusion-button-default button-1 fusion-button-default-span fusion-button-default-type\" style=\"--button_accent_color:#ffffff;--button_accent_hover_color:#ffffff;--button_border_hover_color:var(--awb-color1);--button_gradient_top_color:#be1e2d;--button_gradient_bottom_color:#be1e2d;--button_gradient_top_color_hover:#464d5f;--button_gradient_bottom_color_hover:#464d5f;--button_text_transform:uppercase;--button_margin-top:5%;--button_margin-right:45%;--button_margin-bottom:2px;width:calc(100% - 45%);\" target=\"_self\" href=\"https:\/\/pcj-ccp.ca\/fr\/a-propos-du-pcj\/\"><span class=\"fusion-button-text awb-button__text awb-button__text--default\">\u00c0 propos du PCJ<\/span><\/a><\/div><\/div><\/div><div class=\"fusion-layout-column fusion_builder_column fusion-builder-column-1 fusion_builder_column_1_2 1_2 fusion-flex-column\" style=\"--awb-padding-top:3%;--awb-bg-size:cover;--awb-width-large:50%;--awb-margin-top-large:10px;--awb-spacing-right-large:3.84%;--awb-margin-bottom-large:10px;--awb-spacing-left-large:3.84%;--awb-width-medium:50%;--awb-order-medium:0;--awb-spacing-right-medium:3.84%;--awb-spacing-left-medium:3.84%;--awb-width-small:100%;--awb-order-small:0;--awb-spacing-right-small:1.92%;--awb-spacing-left-small:1.92%;\" data-scroll-devices=\"small-visibility,medium-visibility,large-visibility\"><div class=\"fusion-column-wrapper fusion-column-has-shadow fusion-flex-justify-content-flex-start fusion-content-layout-column\"><div class=\"fusion-image-element awb-imageframe-style awb-imageframe-style-below awb-imageframe-style-1\" style=\"--awb-caption-text-color:#7e8890;--awb-caption-text-size:10px;--awb-caption-text-transform:var(--awb-typography5-text-transform);--awb-caption-title-font-family:var(--awb-typography5-font-family);--awb-caption-title-font-weight:var(--awb-typography5-font-weight);--awb-caption-title-font-style:var(--awb-typography5-font-style);--awb-caption-title-size:10px;--awb-caption-title-transform:var(--awb-typography5-text-transform);--awb-caption-title-line-height:var(--h4_typography-line-height);--awb-caption-title-letter-spacing:var(--h4_typography-letter-spacing);--awb-caption-text-font-family:var(--awb-typography5-font-family);--awb-caption-text-font-weight:var(--awb-typography5-font-weight);--awb-caption-text-font-style:var(--awb-typography5-font-style);\"><span class=\" fusion-imageframe imageframe-none imageframe-1 hover-type-none\"><img decoding=\"async\" width=\"1536\" height=\"864\" alt=\"Avocat se dirigeant vers la Cour supr\u00eame du Canada\" src=\"https:\/\/pcj-ccp.ca\/wp-content\/uploads\/2023\/06\/Page-dacceuil.jpg\" class=\"img-responsive wp-image-9357\" srcset=\"https:\/\/pcj-ccp.ca\/wp-content\/uploads\/2023\/06\/Page-dacceuil-200x113.jpg 200w, https:\/\/pcj-ccp.ca\/wp-content\/uploads\/2023\/06\/Page-dacceuil-400x225.jpg 400w, https:\/\/pcj-ccp.ca\/wp-content\/uploads\/2023\/06\/Page-dacceuil-600x338.jpg 600w, https:\/\/pcj-ccp.ca\/wp-content\/uploads\/2023\/06\/Page-dacceuil-800x450.jpg 800w, https:\/\/pcj-ccp.ca\/wp-content\/uploads\/2023\/06\/Page-dacceuil-1200x675.jpg 1200w, https:\/\/pcj-ccp.ca\/wp-content\/uploads\/2023\/06\/Page-dacceuil.jpg 1536w\" sizes=\"(max-width: 640px) 100vw, 600px\" \/><\/span><div class=\"awb-imageframe-caption-container\" style=\"text-align:left;\"><div class=\"awb-imageframe-caption\"><p class=\"awb-imageframe-caption-text\">Cr\u00e9dit : https:\/\/wideopenexposure.com\/lawyers-for-justice\/<\/p><\/div><\/div><\/div><\/div><\/div><\/div><\/div><div class=\"fusion-fullwidth fullwidth-box fusion-builder-row-2 fusion-flex-container has-pattern-background has-mask-background nonhundred-percent-fullwidth non-hundred-percent-height-scrolling\" style=\"--awb-border-radius-top-left:0px;--awb-border-radius-top-right:0px;--awb-border-radius-bottom-right:0px;--awb-border-radius-bottom-left:0px;--awb-padding-right:5%;--awb-padding-left:5%;--awb-flex-wrap:wrap;\" ><div class=\"fusion-builder-row fusion-row fusion-flex-align-items-flex-start fusion-flex-content-wrap\" style=\"max-width:1248px;margin-left: calc(-4% \/ 2 );margin-right: calc(-4% \/ 2 );\"><div class=\"fusion-layout-column fusion_builder_column fusion-builder-column-2 fusion_builder_column_1_1 1_1 fusion-flex-column\" style=\"--awb-bg-size:cover;--awb-width-large:100%;--awb-margin-top-large:10px;--awb-spacing-right-large:1.92%;--awb-margin-bottom-large:10px;--awb-spacing-left-large:1.92%;--awb-width-medium:100%;--awb-order-medium:0;--awb-spacing-right-medium:1.92%;--awb-spacing-left-medium:1.92%;--awb-width-small:100%;--awb-order-small:0;--awb-spacing-right-small:1.92%;--awb-spacing-left-small:1.92%;\"><div class=\"fusion-column-wrapper fusion-column-has-shadow fusion-flex-justify-content-flex-start fusion-content-layout-column\"><div class=\"fusion-separator fusion-full-width-sep\" style=\"align-self: center;margin-left: auto;margin-right: auto;margin-bottom:25px;width:100%;\"><\/div><\/div><\/div><\/div><\/div><div class=\"fusion-fullwidth fullwidth-box fusion-builder-row-3 nonhundred-percent-fullwidth non-hundred-percent-height-scrolling fusion-equal-height-columns\" style=\"--awb-border-radius-top-left:0px;--awb-border-radius-top-right:0px;--awb-border-radius-bottom-right:0px;--awb-border-radius-bottom-left:0px;--awb-padding-right:50px;--awb-padding-left:50px;--awb-flex-wrap:wrap;\" ><div class=\"fusion-builder-row fusion-row\"><div class=\"fusion-layout-column fusion_builder_column fusion-builder-column-3 fusion_builder_column_1_3 1_3 fusion-one-third fusion-column-first\" style=\"--awb-bg-image:url(&#039;https:\/\/pcj-ccp.ca\/wp-content\/uploads\/2023\/07\/pcj_ccp_background-crop.jpg&#039;);--awb-bg-position:right center;--awb-bg-blend:screen;--awb-bg-size:cover;width:33.333333333333%;width:calc(33.333333333333% - ( ( 4% + 4% ) * 0.33333333333333 ) );margin-right: 4%;\"><div class=\"fusion-column-wrapper fusion-column-has-shadow fusion-flex-column-wrapper-legacy fusion-column-has-bg-image\" data-bg-url=\"https:\/\/pcj-ccp.ca\/wp-content\/uploads\/2023\/07\/pcj_ccp_background-crop.jpg\"><div class=\"fusion-column-content-centered\"><div class=\"fusion-column-content\"><div class=\"fusion-text fusion-text-2 fusion-text-no-margin\" style=\"--awb-content-alignment:left;--awb-text-transform:none;--awb-margin-top:14%;--awb-margin-right:30px;--awb-margin-bottom:14%;--awb-margin-left:30px;\"><h4 style=\"text-align: center;\">Vous souhaitez mieux nous conna\u00eetre?<\/h4>\n<\/div><div class=\"fusion-align-block\"><a class=\"fusion-button button-flat button-medium button-custom fusion-button-default button-2 fusion-button-default-span fusion-button-default-type center-button-text\" style=\"--button_accent_color:#ffffff;--button_accent_hover_color:var(--awb-color1);--button_border_hover_color:var(--awb-color1);--button_gradient_top_color:#444d62;--button_gradient_bottom_color:#444d62;--button_gradient_top_color_hover:#be1e2d;--button_gradient_bottom_color_hover:#be1e2d;--button_text_transform:uppercase;--button_margin-right:5%;--button_margin-bottom:8%;--button_margin-left:5%;width:calc(100% - 5% - 5%);\" target=\"_self\" href=\"https:\/\/pcj-ccp.ca\/fr\/a-propos-du-pcj\/\"><span class=\"fusion-button-text awb-button__text awb-button__text--default\">Renseignez-vous sur le fonctionnement du PCJ<\/span><\/a><\/div><\/div><\/div><div class=\"fusion-clearfix\"><\/div><\/div><\/div><div class=\"fusion-layout-column fusion_builder_column fusion-builder-column-4 fusion_builder_column_1_3 1_3 fusion-one-third\" style=\"--awb-bg-image:url(&#039;https:\/\/pcj-ccp.ca\/wp-content\/uploads\/2023\/07\/pcj_ccp_background-crop.jpg&#039;);--awb-bg-position:right center;--awb-bg-blend:screen;--awb-bg-size:cover;width:33.333333333333%;width:calc(33.333333333333% - ( ( 4% + 4% ) * 0.33333333333333 ) );margin-right: 4%;\"><div class=\"fusion-column-wrapper fusion-column-has-shadow fusion-flex-column-wrapper-legacy fusion-column-has-bg-image\" data-bg-url=\"https:\/\/pcj-ccp.ca\/wp-content\/uploads\/2023\/07\/pcj_ccp_background-crop.jpg\"><div class=\"fusion-column-content-centered\"><div class=\"fusion-column-content\"><div class=\"fusion-text fusion-text-3 fusion-text-no-margin\" style=\"--awb-content-alignment:left;--awb-text-transform:none;--awb-margin-top:9%;--awb-margin-right:30px;--awb-margin-bottom:5%;--awb-margin-left:30px;\"><h4 style=\"text-align: center;\">Vous voulez savoir si vous \u00eates admissible au financement ou comment soumettre un demande?<\/h4>\n<\/div><div class=\"fusion-align-block\"><a class=\"fusion-button button-flat button-medium button-custom fusion-button-default button-3 fusion-button-default-span fusion-button-default-type center-button-text\" style=\"--button_accent_color:#ffffff;--button_accent_hover_color:#ffffff;--button_border_hover_color:var(--awb-color1);--button_gradient_top_color:#444d62;--button_gradient_bottom_color:#444d62;--button_gradient_top_color_hover:#be1e2d;--button_gradient_bottom_color_hover:#be1e2d;--button_text_transform:uppercase;--button_margin-right:5%;--button_margin-bottom:8%;--button_margin-left:5%;width:calc(100% - 5% - 5%);\" target=\"_self\" href=\"https:\/\/pcj-ccp.ca\/fr\/demander-du-financement\/\"><span class=\"fusion-button-text awb-button__text awb-button__text--default\">Apprenez-en plus sur le processus de demande<\/span><\/a><\/div><\/div><\/div><div class=\"fusion-clearfix\"><\/div><\/div><\/div><div class=\"fusion-layout-column fusion_builder_column fusion-builder-column-5 fusion_builder_column_1_3 1_3 fusion-one-third fusion-column-last\" style=\"--awb-bg-image:url(&#039;https:\/\/pcj-ccp.ca\/wp-content\/uploads\/2023\/07\/pcj_ccp_background-crop.jpg&#039;);--awb-bg-position:right center;--awb-bg-blend:screen;--awb-bg-size:cover;width:33.333333333333%;width:calc(33.333333333333% - ( ( 4% + 4% ) * 0.33333333333333 ) );\"><div class=\"fusion-column-wrapper fusion-column-has-shadow fusion-flex-column-wrapper-legacy fusion-column-has-bg-image\" data-bg-url=\"https:\/\/pcj-ccp.ca\/wp-content\/uploads\/2023\/07\/pcj_ccp_background-crop.jpg\"><div class=\"fusion-column-content-centered\"><div class=\"fusion-column-content\"><div class=\"fusion-text fusion-text-4 fusion-text-no-margin\" style=\"--awb-text-transform:none;--awb-margin-top:12%;--awb-margin-right:30px;--awb-margin-bottom:17%;--awb-margin-left:30px;\"><h4 style=\"text-align: center;\">Que devez-vous savoir si vous obtenez du financement?<\/h4>\n<\/div><div class=\"fusion-align-block\"><a class=\"fusion-button button-flat button-medium button-custom fusion-button-default button-4 fusion-button-default-span fusion-button-default-type center-button-text\" style=\"--button_accent_color:#ffffff;--button_accent_hover_color:#ffffff;--button_border_hover_color:var(--awb-color1);--button_gradient_top_color:#444d62;--button_gradient_bottom_color:#444d62;--button_gradient_top_color_hover:#be1e2d;--button_gradient_bottom_color_hover:#be1e2d;--button_text_transform:uppercase;--button_margin-top:8%;--button_margin-right:5%;--button_margin-bottom:8%;--button_margin-left:5%;width:calc(100% - 5% - 5%);\" target=\"_self\" href=\"https:\/\/pcj-ccp.ca\/fr\/beneficiaires-actuels\/\"><span class=\"fusion-button-text awb-button__text awb-button__text--default\">Obligations des b\u00e9n\u00e9ficiaires<\/span><\/a><\/div><\/div><\/div><div class=\"fusion-clearfix\"><\/div><\/div><\/div><\/div><\/div><\/p>\n","protected":false},"excerpt":{"rendered":"","protected":false},"author":3,"featured_media":0,"parent":0,"menu_order":0,"comment_status":"closed","ping_status":"closed","template":"","meta":{"footnotes":""},"class_list":["post-9871","page","type-page","status-publish","hentry"],"yoast_head":"<!-- This site is optimized with the Yoast SEO plugin v27.3 - https:\/\/yoast.com\/product\/yoast-seo-wordpress\/ -->\n<title>Accueil - PCJ CCP<\/title>\n<meta name=\"description\" content=\"Le PCJ offre du financement pour des causes types portant sur les droits de la personne et les droits en mati\u00e8re de langues officielles.\" \/>\n<meta name=\"robots\" content=\"index, follow, max-snippet:-1, max-image-preview:large, max-video-preview:-1\" \/>\n<link rel=\"canonical\" href=\"https:\/\/pcj-ccp.ca\/fr\/\" \/>\n<meta property=\"og:locale\" content=\"fr_FR\" \/>\n<meta property=\"og:type\" content=\"article\" \/>\n<meta property=\"og:title\" content=\"Accueil - PCJ CCP\" \/>\n<meta property=\"og:description\" content=\"Le PCJ offre du financement pour des causes types portant sur les droits de la personne et les droits en mati\u00e8re de langues officielles.\" \/>\n<meta property=\"og:url\" content=\"https:\/\/pcj-ccp.ca\/fr\/\" \/>\n<meta property=\"og:site_name\" content=\"PCJ CCP\" \/>\n<meta property=\"article:modified_time\" content=\"2026-04-10T13:46:36+00:00\" \/>\n<meta name=\"twitter:card\" content=\"summary_large_image\" \/>\n<meta name=\"twitter:label1\" content=\"Dur\u00e9e de lecture estim\u00e9e\" \/>\n\t<meta name=\"twitter:data1\" content=\"1 minute\" \/>\n<script type=\"application\/ld+json\" class=\"yoast-schema-graph\">{\"@context\":\"https:\\\/\\\/schema.org\",\"@graph\":[{\"@type\":\"WebPage\",\"@id\":\"https:\\\/\\\/pcj-ccp.ca\\\/fr\\\/\",\"url\":\"https:\\\/\\\/pcj-ccp.ca\\\/fr\\\/\",\"name\":\"Accueil - PCJ CCP\",\"isPartOf\":{\"@id\":\"https:\\\/\\\/pcj-ccp.ca\\\/#website\"},\"datePublished\":\"2025-06-22T19:39:56+00:00\",\"dateModified\":\"2026-04-10T13:46:36+00:00\",\"description\":\"Le PCJ offre du financement pour des causes types portant sur les droits de la personne et les droits en mati\u00e8re de langues officielles.\",\"breadcrumb\":{\"@id\":\"https:\\\/\\\/pcj-ccp.ca\\\/fr\\\/#breadcrumb\"},\"inLanguage\":\"fr-FR\",\"potentialAction\":[{\"@type\":\"ReadAction\",\"target\":[\"https:\\\/\\\/pcj-ccp.ca\\\/fr\\\/\"]}]},{\"@type\":\"BreadcrumbList\",\"@id\":\"https:\\\/\\\/pcj-ccp.ca\\\/fr\\\/#breadcrumb\",\"itemListElement\":[{\"@type\":\"ListItem\",\"position\":1,\"name\":\"Home\",\"item\":\"https:\\\/\\\/pcj-ccp.ca\\\/fr\\\/\"},{\"@type\":\"ListItem\",\"position\":2,\"name\":\"Accueil\"}]},{\"@type\":\"WebSite\",\"@id\":\"https:\\\/\\\/pcj-ccp.ca\\\/#website\",\"url\":\"https:\\\/\\\/pcj-ccp.ca\\\/\",\"name\":\"PCJ CCP\",\"description\":\"\",\"potentialAction\":[{\"@type\":\"SearchAction\",\"target\":{\"@type\":\"EntryPoint\",\"urlTemplate\":\"https:\\\/\\\/pcj-ccp.ca\\\/?s={search_term_string}\"},\"query-input\":{\"@type\":\"PropertyValueSpecification\",\"valueRequired\":true,\"valueName\":\"search_term_string\"}}],\"inLanguage\":\"fr-FR\"}]}<\/script>\n<!-- \/ Yoast SEO plugin. -->","yoast_head_json":{"title":"Accueil - PCJ CCP","description":"Le PCJ offre du financement pour des causes types portant sur les droits de la personne et les droits en mati\u00e8re de langues officielles.","robots":{"index":"index","follow":"follow","max-snippet":"max-snippet:-1","max-image-preview":"max-image-preview:large","max-video-preview":"max-video-preview:-1"},"canonical":"https:\/\/pcj-ccp.ca\/fr\/","og_locale":"fr_FR","og_type":"article","og_title":"Accueil - PCJ CCP","og_description":"Le PCJ offre du financement pour des causes types portant sur les droits de la personne et les droits en mati\u00e8re de langues officielles.","og_url":"https:\/\/pcj-ccp.ca\/fr\/","og_site_name":"PCJ CCP","article_modified_time":"2026-04-10T13:46:36+00:00","twitter_card":"summary_large_image","twitter_misc":{"Dur\u00e9e de lecture estim\u00e9e":"1 minute"},"schema":{"@context":"https:\/\/schema.org","@graph":[{"@type":"WebPage","@id":"https:\/\/pcj-ccp.ca\/fr\/","url":"https:\/\/pcj-ccp.ca\/fr\/","name":"Accueil - PCJ CCP","isPartOf":{"@id":"https:\/\/pcj-ccp.ca\/#website"},"datePublished":"2025-06-22T19:39:56+00:00","dateModified":"2026-04-10T13:46:36+00:00","description":"Le PCJ offre du financement pour des causes types portant sur les droits de la personne et les droits en mati\u00e8re de langues officielles.","breadcrumb":{"@id":"https:\/\/pcj-ccp.ca\/fr\/#breadcrumb"},"inLanguage":"fr-FR","potentialAction":[{"@type":"ReadAction","target":["https:\/\/pcj-ccp.ca\/fr\/"]}]},{"@type":"BreadcrumbList","@id":"https:\/\/pcj-ccp.ca\/fr\/#breadcrumb","itemListElement":[{"@type":"ListItem","position":1,"name":"Home","item":"https:\/\/pcj-ccp.ca\/fr\/"},{"@type":"ListItem","position":2,"name":"Accueil"}]},{"@type":"WebSite","@id":"https:\/\/pcj-ccp.ca\/#website","url":"https:\/\/pcj-ccp.ca\/","name":"PCJ CCP","description":"","potentialAction":[{"@type":"SearchAction","target":{"@type":"EntryPoint","urlTemplate":"https:\/\/pcj-ccp.ca\/?s={search_term_string}"},"query-input":{"@type":"PropertyValueSpecification","valueRequired":true,"valueName":"search_term_string"}}],"inLanguage":"fr-FR"}]}},"_links":{"self":[{"href":"https:\/\/pcj-ccp.ca\/fr\/wp-json\/wp\/v2\/pages\/9871","targetHints":{"allow":["GET"]}}],"collection":[{"href":"https:\/\/pcj-ccp.ca\/fr\/wp-json\/wp\/v2\/pages"}],"about":[{"href":"https:\/\/pcj-ccp.ca\/fr\/wp-json\/wp\/v2\/types\/page"}],"author":[{"embeddable":true,"href":"https:\/\/pcj-ccp.ca\/fr\/wp-json\/wp\/v2\/users\/3"}],"replies":[{"embeddable":true,"href":"https:\/\/pcj-ccp.ca\/fr\/wp-json\/wp\/v2\/comments?post=9871"}],"version-history":[{"count":81,"href":"https:\/\/pcj-ccp.ca\/fr\/wp-json\/wp\/v2\/pages\/9871\/revisions"}],"predecessor-version":[{"id":10712,"href":"https:\/\/pcj-ccp.ca\/fr\/wp-json\/wp\/v2\/pages\/9871\/revisions\/10712"}],"wp:attachment":[{"href":"https:\/\/pcj-ccp.ca\/fr\/wp-json\/wp\/v2\/media?parent=9871"}],"curies":[{"name":"wp","href":"https:\/\/api.w.org\/{rel}","templated":true}]}}